{"id":8625,"date":"2019-08-08T09:59:14","date_gmt":"2019-08-08T08:59:14","guid":{"rendered":"https:\/\/medifactia.com\/?page_id=8625"},"modified":"2021-09-07T13:16:47","modified_gmt":"2021-09-07T12:16:47","slug":"directions-for-use","status":"publish","type":"page","link":"https:\/\/new.medifactia.com\/es\/directions-for-use\/","title":{"rendered":"Directions for Use"},"content":{"rendered":"<div class=\"flex_column av_one_full  flex_column_div av-zero-column-padding first  avia-builder-el-0  el_before_av_one_third  avia-builder-el-first  \" style='border-radius:0px; '><p><div  style='padding-bottom:0px; ' class='av-special-heading av-special-heading-h1  blockquote modern-quote  avia-builder-el-1  el_before_av_textblock  avia-builder-el-first  '><h1 class='av-special-heading-tag '  itemprop=\"headline\"  >Instrucciones de uso<\/h1><div class='special-heading-border'><div class='special-heading-inner-border' ><\/div><\/div><\/div><br \/>\n<section class=\"av_textblock_section \"  itemscope=\"itemscope\" itemtype=\"https:\/\/schema.org\/CreativeWork\" ><div class='avia_textblock  '   itemprop=\"text\" ><p>El paciente ingiere en total diez (10) marcadores radioopacos Transit-Pellets diarios contenidos en siete (7) c\u00e1psulas HPMC durante seis d\u00edas consecutivos. Las c\u00e1psulas se disuelven en el intestino y liberar\u00e1n los marcadores, que se expulsar\u00e1n con las heces. Durante la semana de la prueba, el paciente mantiene su dieta habitual, pero deber\u00e1 evitar medicamentos que se sepa que afectan a la motilidad gastrointestinal.<\/p>\n<p>Se ingerir\u00e1 una (1) c\u00e1psula diaria del primer al quinto d\u00eda. Al sexto d\u00eda se ingerir\u00e1 una (1) c\u00e1psula por la ma\u00f1ana, 24 horas antes de la radiograf\u00eda, y una (1) c\u00e1psula por la noche, 12 horas antes de la radiograf\u00eda. V\u00e9ase el calendario de ingesta de marcadores m\u00e1s adelante. Es importante que los marcadores se ingieran cada d\u00eda exactamente seg\u00fan lo descrito. El intervalo entre la ingesta del primer marcador y la radiograf\u00eda debe ser de seis d\u00edas (aprox. 144 horas).<\/p>\n<\/div><\/section><br \/>\n<section class=\"av_textblock_section \"  itemscope=\"itemscope\" itemtype=\"https:\/\/schema.org\/CreativeWork\" ><div class='avia_textblock  av_inherit_color '  style='font-size:12px; color:#969696; '  itemprop=\"text\" ><p style=\"text-align: right;\"><em>El principio para la ejecuci\u00f3n de la prueba de tr\u00e1nsito col\u00f3nico con el m\u00e9todo Transit-Pellets y los marcadores radioopacos Transit-Pellets<\/em><\/p>\n<\/div><\/section><br \/>\n<div  class='avia-image-container  av-styling-    avia-builder-el-4  el_after_av_textblock  el_before_av_textblock  avia-align-center '  itemprop=\"image\" itemscope=\"itemscope\" itemtype=\"https:\/\/schema.org\/ImageObject\"  ><div class='avia-image-container-inner'><div class='avia-image-overlay-wrap'><img class='avia_image' src='https:\/\/new.medifactia.com\/es\/wp-content\/uploads\/sites\/5\/2021\/09\/SPANSKA-Stor-Tabell.png' alt='' title='SPANSKA Stor Tabell' height=\"735\" width=\"2000\"  itemprop=\"thumbnailUrl\"  \/><\/div><\/div><\/div><br \/>\n<section class=\"av_textblock_section \"  itemscope=\"itemscope\" itemtype=\"https:\/\/schema.org\/CreativeWork\" ><div class='avia_textblock  '  style='font-size:12px; '  itemprop=\"text\" ><p><em>Los tiempos especificados anteriormente son solo ejemplos.<br \/>\nEl examen radiol\u00f3gico deber\u00eda programarse 12 horas despu\u00e9s de la dosis de la noche del d\u00eda seis.<\/em><\/p>\n<\/div><\/section><br \/>\n<div  style='height:20px' class='hr hr-invisible   avia-builder-el-6  el_after_av_textblock  el_before_av_button '><span class='hr-inner ' ><span class='hr-inner-style'><\/span><\/span><\/div><br \/>\n<div  class='avia-button-wrap avia-button-left  avia-builder-el-7  el_after_av_hr  el_before_av_heading ' ><a href='https:\/\/new.medifactia.com\/wp-content\/uploads\/2021\/09\/0049ESE5-IFU-Patient.pdf' class='avia-button   avia-icon_select-no avia-color-theme-color avia-size-large avia-position-left ' target=\"_blank\" rel=\"noopener\"><span class='avia_iconbox_title' >Patient Information Leaflet<\/span><\/a><\/div><br \/>\n<div  style='padding-bottom:10px; ' class='av-special-heading av-special-heading-h3  blockquote modern-quote  avia-builder-el-8  el_after_av_button  el_before_av_textblock  '><h3 class='av-special-heading-tag '  itemprop=\"headline\"  >Una \u00fanica radiograf\u00eda el s\u00e9ptimo d\u00eda<\/h3><div class='special-heading-border'><div class='special-heading-inner-border' ><\/div><\/div><\/div><br \/>\n<section class=\"av_textblock_section \"  itemscope=\"itemscope\" itemtype=\"https:\/\/schema.org\/CreativeWork\" ><div class='avia_textblock  '   itemprop=\"text\" ><p>Los ex\u00e1menes radiol\u00f3gicos deber\u00e1n programarse a una hora que se ajuste a la hora de ingesta del \u00faltimo marcador, es decir, 12 horas despu\u00e9s de ingerir la \u00faltima dosis el sexto d\u00eda, lo que es un requisito para una medici\u00f3n precisa del tiempo de tr\u00e1nsito col\u00f3nico con el m\u00e9todo Transit-Pellets.<\/p>\n<p>Bas\u00e1ndose en la cantidad de marcadores retenidos y su posici\u00f3n en el colon (Imagen 1) se determinar\u00e1 un tiempo de tr\u00e1nsito col\u00f3nico y se comparar\u00e1 con los valores de referencia (v\u00e9ase el apartado <a href=\"https:\/\/new.medifactia.com\/es\/interpretar-los-resultados\/\">Interpretar los resultados<\/a>). Tenga en cuenta que todos los marcadores inciden en el valor final, independientemente de su forma.<\/p>\n<\/div><\/section><\/p><\/div><div class=\"flex_column av_one_third  flex_column_div av-zero-column-padding first  avia-builder-el-10  el_after_av_one_full  el_before_av_one_third  column-top-margin\" style='border-width:1px; border-color:#e1e1e1; border-style:solid; border-radius:0px; '><div  class='avia-image-container  av-styling-    avia-builder-el-11  avia-builder-el-no-sibling  avia-align-center '  itemprop=\"image\" itemscope=\"itemscope\" itemtype=\"https:\/\/schema.org\/ImageObject\"  ><div class='avia-image-container-inner'><div class='avia-image-overlay-wrap'><img class='avia_image' src='https:\/\/new.medifactia.com\/es\/wp-content\/uploads\/sites\/5\/2021\/04\/Rapid-transit-721x1030.png' alt='' title='Rapid-transit' height=\"1030\" width=\"721\"  itemprop=\"thumbnailUrl\"  \/><\/div><\/div><\/div><\/div><\/p>\n<div class=\"flex_column av_one_third  flex_column_div av-zero-column-padding   avia-builder-el-12  el_after_av_one_third  el_before_av_one_full  column-top-margin\" style='border-width:1px; border-color:#e1e1e1; border-style:solid; border-radius:0px; '><div  class='avia-image-container  av-styling-    avia-builder-el-13  avia-builder-el-no-sibling  avia-align-center '  itemprop=\"image\" itemscope=\"itemscope\" itemtype=\"https:\/\/schema.org\/ImageObject\"  ><div class='avia-image-container-inner'><div class='avia-image-overlay-wrap'><img class='avia_image' src='https:\/\/new.medifactia.com\/es\/wp-content\/uploads\/sites\/5\/2021\/04\/Slow-transit-708x1030.png' alt='' title='Slow-transit' height=\"1030\" width=\"708\"  itemprop=\"thumbnailUrl\"  \/><\/div><\/div><\/div><\/div>\n<div class=\"flex_column av_one_full  flex_column_div av-zero-column-padding first  avia-builder-el-14  el_after_av_one_third  el_before_av_one_full  column-top-margin\" style='border-radius:0px; '><p><div  style='height:1px; margin-top:-30px'  class='hr hr-invisible   avia-builder-el-15  el_before_av_textblock  avia-builder-el-first '><span class='hr-inner ' ><span class='hr-inner-style'><\/span><\/span><\/div><br \/>\n<section class=\"av_textblock_section \"  itemscope=\"itemscope\" itemtype=\"https:\/\/schema.org\/CreativeWork\" ><div class='avia_textblock  '  style='font-size:12px; '  itemprop=\"text\" ><p><em>Figure 1. Illustration (Source: Medifactia) of the movement of the medical device Transit-Pellets through the colon, and how the transit time is calculated from the number of pellets retained.<\/em><\/p>\n<\/div><\/section><\/p><\/div>\n<div class=\"flex_column av_one_full  flex_column_div av-zero-column-padding first  avia-builder-el-17  el_after_av_one_full  el_before_av_one_full  column-top-margin\" style='border-radius:0px; '><p><div  style='padding-bottom:10px; ' class='av-special-heading av-special-heading-h3  blockquote modern-quote  avia-builder-el-18  el_before_av_textblock  avia-builder-el-first  '><h3 class='av-special-heading-tag '  itemprop=\"headline\"  >Marcados con forma tubular del sexto d\u00eda<\/h3><div class='special-heading-border'><div class='special-heading-inner-border' ><\/div><\/div><\/div><br \/>\n<section class=\"av_textblock_section \"  itemscope=\"itemscope\" itemtype=\"https:\/\/schema.org\/CreativeWork\" ><div class='avia_textblock  '   itemprop=\"text\" ><p>La forma de los marcadores del sexto d\u00eda es diferente. Si se toman correctamente, estos marcadores deber\u00edan encontrarse cerca de los marcadores anulares en el colon. Si el tr\u00e1nsito es lento, estos marcadores se encuentran en el ciego-colon ascendente y ayudan a delimitar este segmento. Los marcadores tubulares tambi\u00e9n pueden aportar informaci\u00f3n importante en caso de tr\u00e1nsito r\u00e1pido.<\/p>\n<\/div><\/section><\/p><\/div>\n<div class=\"flex_column av_one_full  flex_column_div av-zero-column-padding first  avia-builder-el-20  el_after_av_one_full  avia-builder-el-last  column-top-margin\" style='border-radius:0px; '><p><section class=\"av_textblock_section \"  itemscope=\"itemscope\" itemtype=\"https:\/\/schema.org\/CreativeWork\" ><div class='avia_textblock  '   itemprop=\"text\" ><p>For further information, please see\u00a0<a href=\"https:\/\/new.medifactia.com\/es\/wp-content\/uploads\/sites\/5\/2021\/09\/0094ESE1-Clinical-Instruction-for-Use.pdf\" target=\"_blank\" rel=\"noopener\">Clinical Instruction for Use<\/a>.<\/p>\n<\/div><\/section><br \/>\n<div   class='hr hr-default   avia-builder-el-22  el_after_av_textblock  el_before_av_button '><span class='hr-inner ' ><span class='hr-inner-style'><\/span><\/span><\/div><br \/>\n<div  class='avia-button-wrap avia-button-left  avia-builder-el-23  el_after_av_hr  el_before_av_button ' ><a href='https:\/\/new.medifactia.com\/es\/overview\/'  class='avia-button   avia-icon_select-yes-left-icon avia-color-theme-color avia-size-large avia-position-left '   ><span class='avia_button_icon avia_button_icon_left ' aria-hidden='true' data-av_icon='\ue87c' data-av_iconfont='entypo-fontello'><\/span><span class='avia_iconbox_title' > Overview<\/span><\/a><\/div><br \/>\n<div  class='avia-button-wrap avia-button-right  avia-builder-el-24  el_after_av_button  avia-builder-el-last ' ><a href='https:\/\/new.medifactia.com\/es\/reading-the-results\/'  class='avia-button   avia-icon_select-yes-right-icon avia-color-theme-color avia-size-large avia-position-right '   ><span class='avia_iconbox_title' >Reading the results <\/span><span class='avia_button_icon avia_button_icon_right' aria-hidden='true' data-av_icon='\ue87d' data-av_iconfont='entypo-fontello'><\/span><\/a><\/div><\/p><\/div>\n","protected":false},"excerpt":{"rendered":"","protected":false},"author":1,"featured_media":0,"parent":0,"menu_order":0,"comment_status":"closed","ping_status":"closed","template":"","meta":[],"_links":{"self":[{"href":"https:\/\/new.medifactia.com\/es\/wp-json\/wp\/v2\/pages\/8625"}],"collection":[{"href":"https:\/\/new.medifactia.com\/es\/wp-json\/wp\/v2\/pages"}],"about":[{"href":"https:\/\/new.medifactia.com\/es\/wp-json\/wp\/v2\/types\/page"}],"author":[{"embeddable":true,"href":"https:\/\/new.medifactia.com\/es\/wp-json\/wp\/v2\/users\/1"}],"replies":[{"embeddable":true,"href":"https:\/\/new.medifactia.com\/es\/wp-json\/wp\/v2\/comments?post=8625"}],"version-history":[{"count":8,"href":"https:\/\/new.medifactia.com\/es\/wp-json\/wp\/v2\/pages\/8625\/revisions"}],"predecessor-version":[{"id":14435,"href":"https:\/\/new.medifactia.com\/es\/wp-json\/wp\/v2\/pages\/8625\/revisions\/14435"}],"wp:attachment":[{"href":"https:\/\/new.medifactia.com\/es\/wp-json\/wp\/v2\/media?parent=8625"}],"curies":[{"name":"wp","href":"https:\/\/api.w.org\/{rel}","templated":true}]}}