{"id":8645,"date":"2019-08-08T10:10:29","date_gmt":"2019-08-08T09:10:29","guid":{"rendered":"https:\/\/medifactia.com\/?page_id=8645"},"modified":"2021-09-20T11:42:20","modified_gmt":"2021-09-20T10:42:20","slug":"reading-the-results","status":"publish","type":"page","link":"https:\/\/new.medifactia.com\/es\/reading-the-results\/","title":{"rendered":"Reading the Results"},"content":{"rendered":"<div class=\"flex_column av_three_fourth  flex_column_div av-zero-column-padding first  avia-builder-el-0  el_before_av_one_fourth  avia-builder-el-first  \" style='border-radius:0px; '><p><div  style='padding-bottom:10px; ' class='av-special-heading av-special-heading-h1  blockquote modern-quote  avia-builder-el-1  el_before_av_textblock  avia-builder-el-first  '><h1 class='av-special-heading-tag '  itemprop=\"headline\"  >Interpretar los resultados<\/h1><div class='special-heading-border'><div class='special-heading-inner-border' ><\/div><\/div><\/div><br \/>\n<section class=\"av_textblock_section \"  itemscope=\"itemscope\" itemtype=\"https:\/\/schema.org\/CreativeWork\" ><div class='avia_textblock  '   itemprop=\"text\" ><p>Programar una radiograf\u00eda abdominal simple el s\u00e9ptimo d\u00eda para determinar la localizaci\u00f3n y alcance de los marcadores radioopacos. La distribuci\u00f3n de los marcadores en los diferentes segmentos puede ofrecer informaci\u00f3n sobre el tipo de retraso (ver Imagen 1). El principio m\u00e1s habitualmente en Escandinavia (pero tambi\u00e9n muy habitual fuera de Escandinavia) es dividir el colon en cuatro segmentos, es decir, ciego-colon ascendente, colon transverso, colon descendente y colon sigmoideo-recto.<\/p>\n<\/div><\/section><br \/>\n<div  style='padding-bottom:10px; ' class='av-special-heading av-special-heading-h2  blockquote modern-quote  avia-builder-el-3  el_after_av_textblock  el_before_av_textblock  '><h2 class='av-special-heading-tag '  itemprop=\"headline\"  >C\u00e1lculo<\/h2><div class='special-heading-border'><div class='special-heading-inner-border' ><\/div><\/div><\/div><br \/>\n<section class=\"av_textblock_section \"  itemscope=\"itemscope\" itemtype=\"https:\/\/schema.org\/CreativeWork\" ><div class='avia_textblock  '   itemprop=\"text\" ><p>El tiempo de tr\u00e1nsito col\u00f3nico se calcula como el tiempo de tr\u00e1nsito oroanal medio (TTOA) de las dosis diarias de marcadores ingeridas. Con una dosis diaria de diez (10) marcadores, el tiempo de tr\u00e1nsito en d\u00edas es M dividido entre 10, es decir el n\u00famero de marcadores que se cuenta en la radiograf\u00eda (M) dividido entre la dosis diaria. Con diez (10) marcadores diarios, cada marcador es equivalente a 0,1 d\u00edas o 2,4 horas (es decir, 2,4 horas por marcador). La f\u00f3rmula N\u00famero de marcadores X 2,4 se puede utilizar para el tiempo de tr\u00e1nsito total y segmentario para aquellas cl\u00ednicas que prefieran un resultado en horas. El sexto d\u00eda se utilizan marcadores con una forma distinta para ayudar a la localizaci\u00f3n del ciego en pacientes con tr\u00e1nsito lento. La divisi\u00f3n de la dosis del d\u00eda 6 en una dosis de ma\u00f1ana y otra de noche mejorar\u00e1 la precisi\u00f3n en la medici\u00f3n del tr\u00e1nsito r\u00e1pido.<\/p>\n<\/div><\/section><\/p><\/div>\n<div class=\"flex_column av_one_fourth  flex_column_div av-zero-column-padding   avia-builder-el-5  el_after_av_three_fourth  el_before_av_one_full  \" style='border-radius:0px; '><p><div  style='height:60px' class='hr hr-invisible   avia-builder-el-6  el_before_av_image  avia-builder-el-first '><span class='hr-inner ' ><span class='hr-inner-style'><\/span><\/span><\/div><br \/>\n<div  class='avia-image-container  av-styling-    avia-builder-el-7  el_after_av_hr  el_before_av_textblock  avia-align-center '  itemprop=\"image\" itemscope=\"itemscope\" itemtype=\"https:\/\/schema.org\/ImageObject\"  ><div class='avia-image-container-inner'><div class='avia-image-overlay-wrap'><img class='avia_image' src='https:\/\/new.medifactia.com\/es\/wp-content\/uploads\/sites\/5\/2018\/02\/Schematic-figure-engelskatransparent-e1629632767705.png' alt='' title='Schematic figure - engelska(transparent)' height=\"3891\" width=\"2240\"  itemprop=\"thumbnailUrl\"  \/><\/div><\/div><\/div><br \/>\n<section class=\"av_textblock_section \"  itemscope=\"itemscope\" itemtype=\"https:\/\/schema.org\/CreativeWork\" ><div class='avia_textblock  '  style='font-size:12px; '  itemprop=\"text\" ><p style=\"text-align: center;\"><em>Schematic figure: Female patient with 27 markers in the colon (10 tube, 17 ring formed). Transit-time is 2.7 days, i.e. normal.<\/em><\/p>\n<\/div><\/section><\/p><\/div>\n<div class=\"flex_column av_one_full  flex_column_div av-zero-column-padding first  avia-builder-el-9  el_after_av_one_fourth  el_before_av_one_full  column-top-margin\" style='border-radius:0px; '><p><div  style='padding-bottom:10px; ' class='av-special-heading av-special-heading-h2  blockquote modern-quote  avia-builder-el-10  el_before_av_textblock  avia-builder-el-first  '><h2 class='av-special-heading-tag '  itemprop=\"headline\"  >Interpretaci\u00f3n<\/h2><div class='special-heading-border'><div class='special-heading-inner-border' ><\/div><\/div><\/div><br \/>\n<section class=\"av_textblock_section \"  itemscope=\"itemscope\" itemtype=\"https:\/\/schema.org\/CreativeWork\" ><div class='avia_textblock  '   itemprop=\"text\" ><p>Se podr\u00e1n evaluar tanto las disfunciones de tr\u00e1nsito total como de tr\u00e1nsito segmentario en el colon. Se podr\u00e1 determinar un valor num\u00e9rico de tiempo de tr\u00e1nsito si la cifra de marcadores retenidos est\u00e1 en un intervalo de 3-55 marcadores. As\u00ed pues deber\u00eda excretarse al menos la mitad de una dosis diaria y deber\u00eda retenerse al menos la mitad de la dosis de la noche del sexto d\u00eda. Si la cifra de marcadores retenidos es solo 0-2, el tiempo de tr\u00e1nsito es inferior a 0,3 d\u00edas. Si se retienen 56-60 marcadores, el tiempo de tr\u00e1nsito es superior a 5,5 d\u00edas (no se ha alcanzado un equilibrio).<\/p>\n<\/div><\/section><br \/>\n<div  class='avia-image-container  av-styling-    avia-builder-el-12  el_after_av_textblock  el_before_av_textblock  avia-align-center '  itemprop=\"image\" itemscope=\"itemscope\" itemtype=\"https:\/\/schema.org\/ImageObject\"  ><div class='avia-image-container-inner'><div class='avia-image-overlay-wrap'><img class='avia_image' src='https:\/\/new.medifactia.com\/es\/wp-content\/uploads\/sites\/5\/2021\/04\/Xray-Medifactia.jpeg' alt='' title='Xray-Medifactia' height=\"1136\" width=\"1598\"  itemprop=\"thumbnailUrl\"  \/><\/div><\/div><\/div><br \/>\n<section class=\"av_textblock_section \"  itemscope=\"itemscope\" itemtype=\"https:\/\/schema.org\/CreativeWork\" ><div class='avia_textblock  '  style='font-size:12px; '  itemprop=\"text\" ><p><em>Imagen 1: Medici\u00f3n del tiempo de tr\u00e1nsito col\u00f3nico con marcadores radioopacos Prueba Transit-Pellets en una paciente que ingiri\u00f3 10 marcadores diarios durante 6 d\u00edas. La radiograf\u00eda abdominal simple tomada el d\u00eda 7 muestra que se retienen 55 marcadores. As\u00ed pues, el tiempo de tr\u00e1nsito col\u00f3nico es de 5,5 d\u00edas. Los marcadores est\u00e1n distribuidos uniformemente por el colon; los resultados indican estre\u00f1imiento de tr\u00e1nsito lento. El valor de referencia superior es 4,0 d\u00edas para mujeres y 2,2 d\u00edas para hombres. (Fuente: Medifactia).<\/em><\/p>\n<\/div><\/section><\/p><\/div>\n<div class=\"flex_column av_one_full  flex_column_div av-zero-column-padding first  avia-builder-el-14  el_after_av_one_full  el_before_av_one_full  column-top-margin\" style='border-radius:0px; '><p><div  style='padding-bottom:10px; ' class='av-special-heading av-special-heading-h2  blockquote modern-quote  avia-builder-el-15  el_before_av_heading  avia-builder-el-first  '><h2 class='av-special-heading-tag '  itemprop=\"headline\"  >Resultado en d\u00edas<\/h2><div class='special-heading-border'><div class='special-heading-inner-border' ><\/div><\/div><\/div><br \/>\n<div  style='padding-bottom:10px; ' class='av-special-heading av-special-heading-h3  blockquote modern-quote  avia-builder-el-16  el_after_av_heading  el_before_av_image  '><h3 class='av-special-heading-tag '  itemprop=\"headline\"  >Tiempo de tr\u00e1nsito del colon (OATT); Valores de referencia<\/h3><div class='special-heading-border'><div class='special-heading-inner-border' ><\/div><\/div><\/div><br \/>\n<div  class='avia-image-container  av-styling-    avia-builder-el-17  el_after_av_heading  el_before_av_textblock  avia-align-left '  itemprop=\"image\" itemscope=\"itemscope\" itemtype=\"https:\/\/schema.org\/ImageObject\"  ><div class='avia-image-container-inner'><div class='avia-image-overlay-wrap'><a href='https:\/\/new.medifactia.com\/es\/wp-content\/uploads\/sites\/5\/2021\/09\/Stor-Tabell-Spanska-1030x325.png' class='avia_image'  ><img class='avia_image ' src='https:\/\/new.medifactia.com\/es\/wp-content\/uploads\/sites\/5\/2021\/09\/Stor-Tabell-Spanska.png' alt='' title='Stor-Tabell-Spanska'  itemprop=\"thumbnailUrl\"  \/><\/a><\/div><\/div><\/div><br \/>\n<section class=\"av_textblock_section \"  itemscope=\"itemscope\" itemtype=\"https:\/\/schema.org\/CreativeWork\" ><div class='avia_textblock  '  style='font-size:12px; '  itemprop=\"text\" ><p><em>Normal transit time corresponds to the range from percentile 5 to percentile 95 in the control material. Reference values based on 199 subjects: 1) Abrahamsson et al, Scand J Gastroenterol 1988 Suppl 152:72-80; 2) Sadik et al, Scand J Gastroenterol 2003, 38:36-42; 3) T\u00f6rnblom et al, data on file, Gastrointest Lab, Sahlgrenska University Hospital.<\/em><\/p>\n<\/div><\/section><br \/>\n<div  style='padding-bottom:10px; ' class='av-special-heading av-special-heading-h3  blockquote modern-quote  avia-builder-el-19  el_after_av_textblock  el_before_av_image  '><h3 class='av-special-heading-tag '  itemprop=\"headline\"  >Tiempo de tr\u00e1nsito segmentario; valores de referencia superiores<\/h3><div class='special-heading-border'><div class='special-heading-inner-border' ><\/div><\/div><\/div><br \/>\n<div  class='avia-image-container  av-styling-    avia-builder-el-20  el_after_av_heading  el_before_av_textblock  avia-align-left '  itemprop=\"image\" itemscope=\"itemscope\" itemtype=\"https:\/\/schema.org\/ImageObject\"  ><div class='avia-image-container-inner'><div class='avia-image-overlay-wrap'><a href='https:\/\/new.medifactia.com\/es\/wp-content\/uploads\/sites\/5\/2021\/08\/M-W-Tabell-SPANISH-1030x172.png' class='avia_image'  ><img class='avia_image ' src='https:\/\/new.medifactia.com\/es\/wp-content\/uploads\/sites\/5\/2021\/08\/M-W-Tabell-SPANISH.png' alt='' title='M-W-Tabell-SPANISH'  itemprop=\"thumbnailUrl\"  \/><\/a><\/div><\/div><\/div><br \/>\n<section class=\"av_textblock_section \"  itemscope=\"itemscope\" itemtype=\"https:\/\/schema.org\/CreativeWork\" ><div class='avia_textblock  '  style='font-size:12px; '  itemprop=\"text\" ><p><em>Segmental transit times: Abrahamsson et al, Scand J Gastroenterol 1988 Suppl 152:72-80. Percentile 95 calculated per segment in healthy subjects.<\/em><\/p>\n<\/div><\/section><\/p><\/div><div class=\"flex_column av_one_full  flex_column_div av-zero-column-padding first  avia-builder-el-22  el_after_av_one_full  el_before_av_one_full  column-top-margin\" style='border-radius:0px; '><p><div  style='padding-bottom:10px; ' class='av-special-heading av-special-heading-h2  blockquote modern-quote  avia-builder-el-23  el_before_av_textblock  avia-builder-el-first  '><h2 class='av-special-heading-tag '  itemprop=\"headline\"  >\u2028Aplicaci\u00f3n del resultado<\/h2><div class='special-heading-border'><div class='special-heading-inner-border' ><\/div><\/div><\/div><br \/>\n<section class=\"av_textblock_section \"  itemscope=\"itemscope\" itemtype=\"https:\/\/schema.org\/CreativeWork\" ><div class='avia_textblock  '   itemprop=\"text\" ><ul>\n<li>\u00a1Informar al paciente!<\/li>\n<li>Tr\u00e1nsito retardado \u2192 Tratamiento reforzado contra el estre\u00f1imiento tenaz<\/li>\n<li>Tr\u00e1nsito lento en el colon sigmoideo-recto \u2192 Investigar posible obstrucci\u00f3n de la salida<\/li>\n<li>Sensaci\u00f3n de estre\u00f1imiento grave pero tr\u00e1nsito normal \u2192 \u00bfS\u00edndrome de intestino irritable (SII)?<\/li>\n<li>Diarrea cr\u00f3nica y tr\u00e1nsito r\u00e1pido en el colon distal \u2192 \u00bfDiarrea por \u00e1cidos biliares?<\/li>\n<\/ul>\n<\/div><\/section><\/p><\/div><\/p>\n<div class=\"flex_column av_one_full  flex_column_div av-zero-column-padding first  avia-builder-el-25  el_after_av_one_full  avia-builder-el-last  column-top-margin\" style='border-radius:0px; '><p><section class=\"av_textblock_section \"  itemscope=\"itemscope\" itemtype=\"https:\/\/schema.org\/CreativeWork\" ><div class='avia_textblock  '   itemprop=\"text\" ><p>For further information, please see <a href=\"https:\/\/new.medifactia.com\/es\/wp-content\/uploads\/sites\/5\/2021\/09\/0094ESE1-Clinical-Instruction-for-Use.pdf\" target=\"_blank\" rel=\"noopener\">Clinical Instruction for Use<\/a>.<\/p>\n<\/div><\/section><br \/>\n<div   class='hr hr-default   avia-builder-el-27  el_after_av_textblock  el_before_av_button '><span class='hr-inner ' ><span class='hr-inner-style'><\/span><\/span><\/div><br \/>\n<div  class='avia-button-wrap avia-button-left  avia-builder-el-28  el_after_av_hr  el_before_av_button ' ><a href='https:\/\/new.medifactia.com\/es\/directions-for-use\/'  class='avia-button   avia-icon_select-yes-left-icon avia-color-theme-color avia-size-large avia-position-left '   ><span class='avia_button_icon avia_button_icon_left ' aria-hidden='true' data-av_icon='\ue87c' data-av_iconfont='entypo-fontello'><\/span><span class='avia_iconbox_title' > Directions for use<\/span><\/a><\/div><br \/>\n<div  class='avia-button-wrap avia-button-right  avia-builder-el-29  el_after_av_button  avia-builder-el-last ' ><a href='https:\/\/new.medifactia.com\/es\/clinical-advantage\/'  class='avia-button   avia-icon_select-yes-right-icon avia-color-theme-color avia-size-large avia-position-right '   ><span class='avia_iconbox_title' >Clinical Advantage <\/span><span class='avia_button_icon avia_button_icon_right' aria-hidden='true' data-av_icon='\ue87d' data-av_iconfont='entypo-fontello'><\/span><\/a><\/div><\/p><\/div>\n","protected":false},"excerpt":{"rendered":"","protected":false},"author":1,"featured_media":0,"parent":0,"menu_order":0,"comment_status":"closed","ping_status":"closed","template":"","meta":[],"_links":{"self":[{"href":"https:\/\/new.medifactia.com\/es\/wp-json\/wp\/v2\/pages\/8645"}],"collection":[{"href":"https:\/\/new.medifactia.com\/es\/wp-json\/wp\/v2\/pages"}],"about":[{"href":"https:\/\/new.medifactia.com\/es\/wp-json\/wp\/v2\/types\/page"}],"author":[{"embeddable":true,"href":"https:\/\/new.medifactia.com\/es\/wp-json\/wp\/v2\/users\/1"}],"replies":[{"embeddable":true,"href":"https:\/\/new.medifactia.com\/es\/wp-json\/wp\/v2\/comments?post=8645"}],"version-history":[{"count":13,"href":"https:\/\/new.medifactia.com\/es\/wp-json\/wp\/v2\/pages\/8645\/revisions"}],"predecessor-version":[{"id":14500,"href":"https:\/\/new.medifactia.com\/es\/wp-json\/wp\/v2\/pages\/8645\/revisions\/14500"}],"wp:attachment":[{"href":"https:\/\/new.medifactia.com\/es\/wp-json\/wp\/v2\/media?parent=8645"}],"curies":[{"name":"wp","href":"https:\/\/api.w.org\/{rel}","templated":true}]}}