{"id":8667,"date":"2019-08-08T10:19:12","date_gmt":"2019-08-08T09:19:12","guid":{"rendered":"https:\/\/medifactia.com\/?page_id=8667"},"modified":"2021-09-07T13:18:26","modified_gmt":"2021-09-07T12:18:26","slug":"radiopaque-markers","status":"publish","type":"page","link":"https:\/\/new.medifactia.com\/es\/radiopaque-markers\/","title":{"rendered":"Radiopaque Markers"},"content":{"rendered":"<div id='av_section_1'  class='avia-section main_color avia-section-large avia-no-border-styling  avia-full-stretch av-section-color-overlay-active avia-bg-style-scroll  avia-builder-el-0  el_before_av_section  avia-builder-el-first   container_wrap sidebar_right' style='background-repeat: no-repeat; background-image: url(https:\/\/new.medifactia.com\/es\/wp-content\/uploads\/sites\/5\/2021\/04\/Transit-Pellets-Zoom.jpeg);background-attachment: scroll; background-position: center center;  '  data-section-bg-repeat='stretch'><div class='av-section-color-overlay-wrap'><div class='av-section-color-overlay' style='opacity: 0.5; background-color: #35699a; '><\/div><div class='container' ><main  role=\"main\" itemprop=\"mainContentOfPage\"  class='template-page content  av-content-small alpha units'><div class='post-entry post-entry-type-page post-entry-8667'><div class='entry-content-wrapper clearfix'>\n<div class=\"flex_column av_one_full  flex_column_div av-zero-column-padding first  avia-builder-el-1  avia-builder-el-no-sibling  \" style='border-radius:0px; '><p><div  style='padding-bottom:30px; color:#ffffff;' class='av-special-heading av-special-heading-h1 custom-color-heading blockquote modern-quote  avia-builder-el-2  el_before_av_textblock  avia-builder-el-first  '><h1 class='av-special-heading-tag '  itemprop=\"headline\"  >MARCADORES RADIOOPACOS TRANSIT-PELLETS<span style=\"font-size: 16px; position: relative; top: -18px;\">\u00ae<\/span> DE MEDIFACTIA<\/h1><div class='special-heading-border'><div class='special-heading-inner-border' style='border-color:#ffffff'><\/div><\/div><\/div><br \/>\n<section class=\"av_textblock_section \"  itemscope=\"itemscope\" itemtype=\"https:\/\/schema.org\/CreativeWork\" ><div class='avia_textblock  av_inherit_color '  style='font-size:24px; color:#ffffff; '  itemprop=\"text\" ><ul>\n<li>Autorizaci\u00f3n 510(k) de Clase II de la FDA para el mercado estadounidense<\/li>\n<li>El dispositivo cuenta con marcado CE<\/li>\n<li>Marcadores radioopacos precortados encapsulados envasados para su uso por un \u00fanico paciente<\/li>\n<li>C\u00e1psulas completamente vegetarianas<\/li>\n<li>F\u00e1cil de administrar<\/li>\n<li>Fabricado en Suecia<\/li>\n<\/ul>\n<\/div><\/section><\/p><\/div>\n\n<\/div><\/div><\/main><!-- close content main element --><\/div><\/div><\/div><div id='av_section_2'  class='avia-section main_color avia-section-large avia-no-border-styling  avia-bg-style-scroll  avia-builder-el-4  el_after_av_section  el_before_av_section   container_wrap sidebar_right' style=' '  ><div class='container' ><div class='template-page content  av-content-small alpha units'><div class='post-entry post-entry-type-page post-entry-8667'><div class='entry-content-wrapper clearfix'>\n<div class=\"flex_column av_one_half  flex_column_div av-zero-column-padding first  avia-builder-el-5  el_before_av_one_fourth  avia-builder-el-first  \" style='border-radius:0px; '><p><section class=\"av_textblock_section \"  itemscope=\"itemscope\" itemtype=\"https:\/\/schema.org\/CreativeWork\" ><div class='avia_textblock  '   itemprop=\"text\" ><p>El dispositivo Transit-Pellets est\u00e1 pensado para utilizarse en la valoraci\u00f3n del tiempo de tr\u00e1nsito col\u00f3nico en pacientes con estre\u00f1imiento cr\u00f3nico, diarrea cr\u00f3nica o SII problem\u00e1tico. Los marcadores representan el paso de contenidos s\u00f3lidos y semis\u00f3lidos. Los marcadores son visibles durante la radiograf\u00eda gracias a las propiedades del sulfato de bario, que es uno de los ingredientes del dispositivo.<\/p>\n<p>La raz\u00f3n m\u00e1s habitual para realizar esta prueba es la sospecha del denominado estre\u00f1imiento de tr\u00e1nsito lento. Sin embargo, con la nueva modificaci\u00f3n de ingesta de marcadores el sexto d\u00eda, tambi\u00e9n es posible medir f\u00e1cilmente el paso r\u00e1pido, lo que podr\u00eda ser de inter\u00e9s en el estudio de pacientes con diarrea cr\u00f3nica.<\/p>\n<\/div><\/section><br \/>\n<div  class='avia-button-wrap avia-button-left  avia-builder-el-7  el_after_av_textblock  el_before_av_button ' ><a href='https:\/\/new.medifactia.com\/es\/wp-content\/uploads\/sites\/5\/2021\/09\/0094ESE1-Clinical-Instruction-for-Use.pdf'  class='avia-button   avia-icon_select-no avia-color-theme-color avia-size-large avia-position-left '  target=\"_blank\"   ><span class='avia_iconbox_title' >Clinical Instruction for Use<\/span><\/a><\/div><br \/>\n<div  class='avia-button-wrap avia-button-left  avia-builder-el-8  el_after_av_button  avia-builder-el-last ' ><a href='https:\/\/new.medifactia.com\/wp-content\/uploads\/2021\/09\/0049ESE5-IFU-Patient.pdf' class='avia-button   avia-icon_select-no avia-color-theme-color avia-size-large avia-position-left ' target=\"_blank\" rel=\"noopener\"><span class='avia_iconbox_title' >Patient Information Leaflet<\/span><\/a><\/div><\/p><\/div><div class=\"flex_column av_one_fourth  flex_column_div av-zero-column-padding   avia-builder-el-9  el_after_av_one_half  el_before_av_one_fourth  \" style='border-radius:0px; '><div  class='avia-image-container  av-styling-    avia-builder-el-10  avia-builder-el-no-sibling  avia-align-center '  itemprop=\"image\" itemscope=\"itemscope\" itemtype=\"https:\/\/schema.org\/ImageObject\"  ><div class='avia-image-container-inner'><div class='avia-image-overlay-wrap'><img class='avia_image' src='https:\/\/new.medifactia.com\/es\/wp-content\/uploads\/sites\/5\/2021\/04\/Rapid-transit-721x1030.png' alt='' title='Rapid-transit' height=\"1030\" width=\"721\"  itemprop=\"thumbnailUrl\"  \/><\/div><\/div><\/div><\/div><div class=\"flex_column av_one_fourth  flex_column_div av-zero-column-padding   avia-builder-el-11  el_after_av_one_fourth  el_before_av_one_half  \" style='border-radius:0px; '><div  class='avia-image-container  av-styling-    avia-builder-el-12  avia-builder-el-no-sibling  avia-align-center '  itemprop=\"image\" itemscope=\"itemscope\" itemtype=\"https:\/\/schema.org\/ImageObject\"  ><div class='avia-image-container-inner'><div class='avia-image-overlay-wrap'><img class='avia_image' src='https:\/\/new.medifactia.com\/es\/wp-content\/uploads\/sites\/5\/2021\/04\/Slow-transit-708x1030.png' alt='' title='Slow-transit' height=\"1030\" width=\"708\"  itemprop=\"thumbnailUrl\"  \/><\/div><\/div><\/div><\/div><div class=\"flex_column av_one_half  flex_column_div av-zero-column-padding first  avia-builder-el-13  el_after_av_one_fourth  el_before_av_one_half  column-top-margin\" style='border-radius:0px; '><\/div><div class=\"flex_column av_one_half  flex_column_div av-zero-column-padding   avia-builder-el-14  el_after_av_one_half  avia-builder-el-last  column-top-margin\" style='border-radius:0px; '><p><div  style='height:1px; margin-top:-60px'  class='hr hr-invisible   avia-builder-el-15  el_before_av_textblock  avia-builder-el-first '><span class='hr-inner ' ><span class='hr-inner-style'><\/span><\/span><\/div><br \/>\n<section class=\"av_textblock_section \"  itemscope=\"itemscope\" itemtype=\"https:\/\/schema.org\/CreativeWork\" ><div class='avia_textblock  '  style='font-size:13px; '  itemprop=\"text\" ><p><em>Ilustraci\u00f3n (Fuente: Medifactia) del movimiento del dispositivo m\u00e9dico Transit-Pellets por el colon, y c\u00f3mo se calcula el tiempo de tr\u00e1nsito a partir del n\u00famero de c\u00e1psulas retenidas.<\/em><\/p>\n<\/div><\/section><\/p><\/div><\/div><\/div><\/div><!-- close content main div --><\/div><\/div><div id='av_section_3'  class='avia-section main_color avia-section-large avia-no-border-styling  avia-bg-style-scroll  avia-builder-el-17  el_after_av_section  avia-builder-el-last   container_wrap sidebar_right' style='background-color: #274768;  '  ><div class='container' ><div class='template-page content  av-content-small alpha units'><div class='post-entry post-entry-type-page post-entry-8667'><div class='entry-content-wrapper clearfix'>\n<div class=\"flex_column av_three_fifth  flex_column_div av-zero-column-padding first  avia-builder-el-18  el_before_av_two_fifth  avia-builder-el-first  \" style='border-radius:0px; '><p><div  style='padding-bottom:30px; color:#ffffff;' class='av-special-heading av-special-heading-h2 custom-color-heading blockquote modern-quote  avia-builder-el-19  el_before_av_textblock  avia-builder-el-first  '><h2 class='av-special-heading-tag '  itemprop=\"headline\"  >PRINCIPIOS DE FUNCIONAMIENTO<\/h2><div class='special-heading-border'><div class='special-heading-inner-border' style='border-color:#ffffff'><\/div><\/div><\/div><br \/>\n<section class=\"av_textblock_section \"  itemscope=\"itemscope\" itemtype=\"https:\/\/schema.org\/CreativeWork\" ><div class='avia_textblock  av_inherit_color '  style='color:#ffffff; '  itemprop=\"text\" ><p>El dispositivo lo receta un m\u00e9dico a un paciente para su administraci\u00f3n en el hogar. El dispositivo se toma en una c\u00e1psula HPMC transparente y pasa por la boca, garganta y el tubo digestivo. No es quir\u00fargicamente invasivo.<\/p>\n<p>El d\u00eda 7 el paciente se somete a un examen radiol\u00f3gico o fluoroscop\u00eda en una cl\u00ednica. Bas\u00e1ndose en la cantidad de marcadores retenidos y su posici\u00f3n, se determinar\u00e1 un tiempo de tr\u00e1nsito col\u00f3nico y se comparar\u00e1 con los valores de referencia.<\/p>\n<\/div><\/section><br \/>\n<div  style='height:20px' class='hr hr-invisible   avia-builder-el-21  el_after_av_textblock  el_before_av_image '><span class='hr-inner ' ><span class='hr-inner-style'><\/span><\/span><\/div><br \/>\n<div  class='avia-image-container  av-styling-    avia-builder-el-22  el_after_av_hr  el_before_av_textblock  avia-align-center '  itemprop=\"image\" itemscope=\"itemscope\" itemtype=\"https:\/\/schema.org\/ImageObject\"  ><div class='avia-image-container-inner'><div class='avia-image-overlay-wrap'><img class='avia_image' src='https:\/\/new.medifactia.com\/es\/wp-content\/uploads\/sites\/5\/2021\/09\/SPANSKA-Stor-Tabell.png' alt='' title='SPANSKA Stor Tabell' height=\"735\" width=\"2000\"  itemprop=\"thumbnailUrl\"  \/><\/div><\/div><\/div><br \/>\n<section class=\"av_textblock_section \"  itemscope=\"itemscope\" itemtype=\"https:\/\/schema.org\/CreativeWork\" ><div class='avia_textblock  av_inherit_color '  style='font-size:13px; color:#ffffff; '  itemprop=\"text\" ><p><em>Los tiempos especificados anteriormente son solo ejemplos.<br \/>\nEl examen radiol\u00f3gico deber\u00eda programarse 12 horas despu\u00e9s de la dosis de la noche del d\u00eda seis.<\/em><\/p>\n<\/div><\/section><\/p><\/div><div class=\"flex_column av_two_fifth  flex_column_div av-zero-column-padding   avia-builder-el-24  el_after_av_three_fifth  avia-builder-el-last  \" style='border-radius:0px; '><p><div  class='avia-image-container  av-styling-circle    avia-builder-el-25  el_before_av_heading  avia-builder-el-first  avia-align-center '  itemprop=\"image\" itemscope=\"itemscope\" itemtype=\"https:\/\/schema.org\/ImageObject\"  ><div class='avia-image-container-inner'><div class='avia-image-overlay-wrap'><img class='avia_image' src='https:\/\/new.medifactia.com\/es\/wp-content\/uploads\/sites\/5\/2021\/04\/Transit-Pellets-Capsule-sq.jpeg' alt='' title='Transit-Pellets-Capsule-sq' height=\"1080\" width=\"1080\"  itemprop=\"thumbnailUrl\"  \/><\/div><\/div><\/div><br \/>\n<div  style='padding-bottom:30px; color:#ffffff;' class='av-special-heading av-special-heading-h3 custom-color-heading blockquote modern-quote  avia-builder-el-26  el_after_av_image  el_before_av_textblock  '><h3 class='av-special-heading-tag '  itemprop=\"headline\"  >\u00bfPor qu\u00e9 marcadores con forma tubular el d\u00eda seis?<\/h3><div class='special-heading-border'><div class='special-heading-inner-border' style='border-color:#ffffff'><\/div><\/div><\/div><br \/>\n<section class=\"av_textblock_section \"  itemscope=\"itemscope\" itemtype=\"https:\/\/schema.org\/CreativeWork\" ><div class='avia_textblock  av_inherit_color '  style='color:#ffffff; '  itemprop=\"text\" ><ul>\n<li>Permite verificar que los marcadores se han tomado siguiendo las indicaciones<\/li>\n<li>Puede proporcionar informaci\u00f3n importante en caso de tr\u00e1nsito r\u00e1pido<\/li>\n<li>Si existe tr\u00e1nsito lento, los marcadores del d\u00eda seis se encuentran en el ciego-colon ascendente y facilitan as\u00ed la delimitaci\u00f3n del ciego<\/li>\n<li>Permite confirmar el paso lento por el colon proximal, p. ej. inercia col\u00f3nica<\/li>\n<\/ul>\n<\/div><\/section><\/p><\/div><\/div><\/div><\/div><!-- close content main div --><\/div><\/div><div id='after_section_3'  class='main_color av_default_container_wrap container_wrap sidebar_right' style=' '  ><div class='container' ><div class='template-page content  av-content-small alpha units'><div class='post-entry post-entry-type-page post-entry-8667'><div class='entry-content-wrapper clearfix'><\/p>\n","protected":false},"excerpt":{"rendered":"","protected":false},"author":1,"featured_media":0,"parent":0,"menu_order":0,"comment_status":"closed","ping_status":"closed","template":"","meta":[],"_links":{"self":[{"href":"https:\/\/new.medifactia.com\/es\/wp-json\/wp\/v2\/pages\/8667"}],"collection":[{"href":"https:\/\/new.medifactia.com\/es\/wp-json\/wp\/v2\/pages"}],"about":[{"href":"https:\/\/new.medifactia.com\/es\/wp-json\/wp\/v2\/types\/page"}],"author":[{"embeddable":true,"href":"https:\/\/new.medifactia.com\/es\/wp-json\/wp\/v2\/users\/1"}],"replies":[{"embeddable":true,"href":"https:\/\/new.medifactia.com\/es\/wp-json\/wp\/v2\/comments?post=8667"}],"version-history":[{"count":3,"href":"https:\/\/new.medifactia.com\/es\/wp-json\/wp\/v2\/pages\/8667\/revisions"}],"predecessor-version":[{"id":14439,"href":"https:\/\/new.medifactia.com\/es\/wp-json\/wp\/v2\/pages\/8667\/revisions\/14439"}],"wp:attachment":[{"href":"https:\/\/new.medifactia.com\/es\/wp-json\/wp\/v2\/media?parent=8667"}],"curies":[{"name":"wp","href":"https:\/\/api.w.org\/{rel}","templated":true}]}}