{"id":14260,"date":"2021-04-23T12:46:42","date_gmt":"2021-04-23T11:46:42","guid":{"rendered":"https:\/\/new.medifactia.com\/?page_id=14260"},"modified":"2021-09-12T20:46:45","modified_gmt":"2021-09-12T19:46:45","slug":"manuell-berakning","status":"publish","type":"page","link":"https:\/\/new.medifactia.com\/sv\/manuell-berakning\/","title":{"rendered":"Manuell ber\u00e4kning"},"content":{"rendered":"<div class=\"flex_column av_one_full  flex_column_div av-zero-column-padding first  avia-builder-el-0  el_before_av_one_full  avia-builder-el-first  \" style='border-radius:0px; '><p><div  style='padding-bottom:10px; ' class='av-special-heading av-special-heading-h1  blockquote modern-quote  avia-builder-el-1  el_before_av_textblock  avia-builder-el-first  '><h1 class='av-special-heading-tag '  itemprop=\"headline\"  >Manuell ber\u00e4kning<\/h1><div class='special-heading-border'><div class='special-heading-inner-border' ><\/div><\/div><\/div><br \/>\n<section class=\"av_textblock_section \"  itemscope=\"itemscope\" itemtype=\"https:\/\/schema.org\/CreativeWork\" ><div class='avia_textblock  '   itemprop=\"text\" ><p>I kliniska sammanhang \u00e4r det vanligast att titta p\u00e5 totalv\u00e4rdet f\u00f6rst. Om totalv\u00e4rdet \u00e4r h\u00f6gt \u00e4r det n\u00f6dv\u00e4ndigt att titta p\u00e5 varje segment f\u00f6r att f\u00e5 en uppfattning om\u00a0var\u00a0i kolon f\u00f6rdr\u00f6jningen ligger.<\/p>\n<ul>\n<li>Totala antalet mark\u00f6rer i tarmen visar om total transittid \u00e4r\u00a0<em>snabb<\/em>,\u00a0<em>normal<\/em>\u00a0eller\u00a0<em>l\u00e5ngsam<\/em><\/li>\n<li>Totala antalet mark\u00f6rer i respektive segment ger information om typen av f\u00f6rdr\u00f6jning, dvs.\u00a0<em>var<\/em>\u00a0i kolon transit \u00e4r abnorm<\/li>\n<\/ul>\n<p>Transittiden i dygn \u00e4r ekvivalent med antalet dagsdoser som finns kvar i tarmen. Med dagsdosen 10 mark\u00f6rer blir transittiden M\/10. Varje mark\u00f6r motsvarar 0,1 dagar eller 2,4 timmar (dvs. 2,4 timmar per mark\u00f6r). Formeln Mx2,4 kan anv\u00e4ndas f\u00f6r att bed\u00f6ma b\u00e5de total- och segmentell transittid f\u00f6r de kliniker som f\u00f6redrar ett resultat i timmar.<\/p>\n<\/div><\/section><\/p><\/div>\n<div class=\"flex_column av_one_full  flex_column_div av-zero-column-padding first  avia-builder-el-3  el_after_av_one_full  el_before_av_one_full  column-top-margin\" style='border-radius:0px; '><p><div  style='padding-bottom:10px; ' class='av-special-heading av-special-heading-h2  blockquote modern-quote  avia-builder-el-4  el_before_av_heading  avia-builder-el-first  '><h2 class='av-special-heading-tag '  itemprop=\"headline\"  >Resultat i dygn<\/h2><div class='special-heading-border'><div class='special-heading-inner-border' ><\/div><\/div><\/div><br \/>\n<div  style='padding-bottom:10px; ' class='av-special-heading av-special-heading-h3  blockquote modern-quote  avia-builder-el-5  el_after_av_heading  el_before_av_image  '><h3 class='av-special-heading-tag '  itemprop=\"headline\"  >Total transittid (OATT); referensv\u00e4rden<\/h3><div class='special-heading-border'><div class='special-heading-inner-border' ><\/div><\/div><\/div><br \/>\n<div  class='avia-image-container  av-styling-    avia-builder-el-6  el_after_av_heading  el_before_av_textblock  avia-align-center '  itemprop=\"image\" itemscope=\"itemscope\" itemtype=\"https:\/\/schema.org\/ImageObject\"  ><div class='avia-image-container-inner'><div class='avia-image-overlay-wrap'><img class='avia_image' src='https:\/\/new.medifactia.com\/sv\/wp-content\/uploads\/sites\/4\/2021\/08\/Total-transittid-OATT-referensvarden-dygn.png' alt='' title='Total-transittid-OATT-referensvarden-dygn' height=\"721\" width=\"2381\"  itemprop=\"thumbnailUrl\"  \/><\/div><\/div><\/div><br \/>\n<section class=\"av_textblock_section \"  itemscope=\"itemscope\" itemtype=\"https:\/\/schema.org\/CreativeWork\" ><div class='avia_textblock  '  style='font-size:12px; '  itemprop=\"text\" ><p><em>Normal transittid motsvarar intervallet fr\u00e5n percentil 5 till percentil 95 i kontrollmaterialet.Referensmaterialet utg\u00f6rs av sammanlagt 199 friska individer i tre unders\u00f6kningar: 1) Abrahamsson et al, Scand J Gastroenterol 1988 Suppl 152:72-80; 2) Sadik et al, Scand J Gastroenterol 2003, 38:36-42; 3) T\u00f6rnblom et al, data on file, Magtarmlab, Sahlgrenska Universitetssjukhuset.<\/em><\/p>\n<\/div><\/section><br \/>\n<div  style='padding-bottom:10px; ' class='av-special-heading av-special-heading-h3  blockquote modern-quote  avia-builder-el-8  el_after_av_textblock  el_before_av_image  '><h3 class='av-special-heading-tag '  itemprop=\"headline\"  >Segmentell transit; \u00f6vre referensv\u00e4rden i dygn<\/h3><div class='special-heading-border'><div class='special-heading-inner-border' ><\/div><\/div><\/div><br \/>\n<div  class='avia-image-container  av-styling-    avia-builder-el-9  el_after_av_heading  el_before_av_textblock  avia-align-center '  itemprop=\"image\" itemscope=\"itemscope\" itemtype=\"https:\/\/schema.org\/ImageObject\"  ><div class='avia-image-container-inner'><div class='avia-image-overlay-wrap'><img class='avia_image' src='https:\/\/new.medifactia.com\/sv\/wp-content\/uploads\/sites\/4\/2021\/08\/Colonic-transit-time-OATT-reference-values-dagar-SWE.png' alt='' title='Colonic-transit-time-OATT-reference-values-dagar-SWE' height=\"350\" width=\"2381\"  itemprop=\"thumbnailUrl\"  \/><\/div><\/div><\/div><br \/>\n<section class=\"av_textblock_section \"  itemscope=\"itemscope\" itemtype=\"https:\/\/schema.org\/CreativeWork\" ><div class='avia_textblock  '  style='font-size:12px; '  itemprop=\"text\" ><p><em>Segmentella transittider: Abrahamsson et al., Scand J Gastroenterol 1988 152:72-80. Percentil 95 utr\u00e4knat per segment i friska individer.<\/em><\/p>\n<\/div><\/section><\/p><\/div>\n<div class=\"flex_column av_one_full  flex_column_div av-zero-column-padding first  avia-builder-el-11  el_after_av_one_full  el_before_av_one_full  column-top-margin\" style='border-radius:0px; '><p><div  style='padding-bottom:10px; ' class='av-special-heading av-special-heading-h2  blockquote modern-quote  avia-builder-el-12  el_before_av_heading  avia-builder-el-first  '><h2 class='av-special-heading-tag '  itemprop=\"headline\"  >Resultat i timmar<\/h2><div class='special-heading-border'><div class='special-heading-inner-border' ><\/div><\/div><\/div><br \/>\n<div  style='padding-bottom:10px; ' class='av-special-heading av-special-heading-h3  blockquote modern-quote  avia-builder-el-13  el_after_av_heading  el_before_av_image  '><h3 class='av-special-heading-tag '  itemprop=\"headline\"  >Total transittid (OATT); referensv\u00e4rden<\/h3><div class='special-heading-border'><div class='special-heading-inner-border' ><\/div><\/div><\/div><br \/>\n<div  class='avia-image-container  av-styling-    avia-builder-el-14  el_after_av_heading  el_before_av_textblock  avia-align-center '  itemprop=\"image\" itemscope=\"itemscope\" itemtype=\"https:\/\/schema.org\/ImageObject\"  ><div class='avia-image-container-inner'><div class='avia-image-overlay-wrap'><img class='avia_image' src='https:\/\/new.medifactia.com\/sv\/wp-content\/uploads\/sites\/4\/2021\/08\/Total-transittid-OATT-referensvarden-timmar.png' alt='' title='Total-transittid-OATT-referensvarden-timmar' height=\"721\" width=\"2381\"  itemprop=\"thumbnailUrl\"  \/><\/div><\/div><\/div><br \/>\n<section class=\"av_textblock_section \"  itemscope=\"itemscope\" itemtype=\"https:\/\/schema.org\/CreativeWork\" ><div class='avia_textblock  '  style='font-size:12px; '  itemprop=\"text\" ><p><em>Normal transittid motsvarar intervallet fr\u00e5n percentil 5 till percentil 95 i kontrollmaterialet.Referensmaterialet utg\u00f6rs av sammanlagt 199 friska individer i tre unders\u00f6kningar: 1) Abrahamsson et al, Scand J Gastroenterol 1988 Suppl 152:72-80; 2) Sadik et al, Scand J Gastroenterol 2003, 38:36-42; 3) T\u00f6rnblom et al, data on file, Magtarmlab, Sahlgrenska Universitetssjukhuset.<\/em><\/p>\n<\/div><\/section><br \/>\n<div  style='padding-bottom:10px; ' class='av-special-heading av-special-heading-h3  blockquote modern-quote  avia-builder-el-16  el_after_av_textblock  el_before_av_image  '><h3 class='av-special-heading-tag '  itemprop=\"headline\"  >Segmentell transit; \u00f6vre referensv\u00e4rden i timmar<\/h3><div class='special-heading-border'><div class='special-heading-inner-border' ><\/div><\/div><\/div><br \/>\n<div  class='avia-image-container  av-styling-    avia-builder-el-17  el_after_av_heading  el_before_av_textblock  avia-align-center '  itemprop=\"image\" itemscope=\"itemscope\" itemtype=\"https:\/\/schema.org\/ImageObject\"  ><div class='avia-image-container-inner'><div class='avia-image-overlay-wrap'><img class='avia_image' src='https:\/\/new.medifactia.com\/sv\/wp-content\/uploads\/sites\/4\/2021\/08\/Segmentell-transit-ovre-referensvarden-i-timmar.png' alt='' title='Segmentell-transit-ovre-referensvarden-i-timmar' height=\"350\" width=\"2381\"  itemprop=\"thumbnailUrl\"  \/><\/div><\/div><\/div><br \/>\n<section class=\"av_textblock_section \"  itemscope=\"itemscope\" itemtype=\"https:\/\/schema.org\/CreativeWork\" ><div class='avia_textblock  '  style='font-size:12px; '  itemprop=\"text\" ><p><em>Segmentella transittider: Abrahamsson et al., Scand J Gastroenterol 1988 152:72-80. Percentil 95 utr\u00e4knat per segment i friska individer.<\/em><\/p>\n<\/div><\/section><\/p><\/div>\n<div class=\"flex_column av_one_full  flex_column_div av-zero-column-padding first  avia-builder-el-19  el_after_av_one_full  avia-builder-el-last  column-top-margin\" style='border-radius:0px; '><p><div   class='hr hr-default   avia-builder-el-20  el_before_av_button  avia-builder-el-first '><span class='hr-inner ' ><span class='hr-inner-style'><\/span><\/span><\/div><br \/>\n<div  class='avia-button-wrap avia-button-left  avia-builder-el-21  el_after_av_hr  el_before_av_button ' ><a href='https:\/\/new.medifactia.com\/sv\/pa-rontgen\/'  class='avia-button   avia-icon_select-yes-left-icon avia-color-theme-color avia-size-large avia-position-left '   ><span class='avia_button_icon avia_button_icon_left ' aria-hidden='true' data-av_icon='\ue87c' data-av_iconfont='entypo-fontello'><\/span><span class='avia_iconbox_title' > P\u00e5 r\u00f6ntgen<\/span><\/a><\/div><br \/>\n<div  class='avia-button-wrap avia-button-right  avia-builder-el-22  el_after_av_button  avia-builder-el-last ' ><a href='https:\/\/new.medifactia.com\/sv\/clinical-advantage\/'  class='avia-button   avia-icon_select-yes-right-icon avia-color-theme-color avia-size-large avia-position-right '   ><span class='avia_iconbox_title' >Clinical Advantage <\/span><span class='avia_button_icon avia_button_icon_right' aria-hidden='true' data-av_icon='\ue87d' data-av_iconfont='entypo-fontello'><\/span><\/a><\/div><\/p><\/div>\n","protected":false},"excerpt":{"rendered":"","protected":false},"author":1,"featured_media":0,"parent":0,"menu_order":0,"comment_status":"closed","ping_status":"closed","template":"","meta":[],"_links":{"self":[{"href":"https:\/\/new.medifactia.com\/sv\/wp-json\/wp\/v2\/pages\/14260"}],"collection":[{"href":"https:\/\/new.medifactia.com\/sv\/wp-json\/wp\/v2\/pages"}],"about":[{"href":"https:\/\/new.medifactia.com\/sv\/wp-json\/wp\/v2\/types\/page"}],"author":[{"embeddable":true,"href":"https:\/\/new.medifactia.com\/sv\/wp-json\/wp\/v2\/users\/1"}],"replies":[{"embeddable":true,"href":"https:\/\/new.medifactia.com\/sv\/wp-json\/wp\/v2\/comments?post=14260"}],"version-history":[{"count":3,"href":"https:\/\/new.medifactia.com\/sv\/wp-json\/wp\/v2\/pages\/14260\/revisions"}],"predecessor-version":[{"id":14497,"href":"https:\/\/new.medifactia.com\/sv\/wp-json\/wp\/v2\/pages\/14260\/revisions\/14497"}],"wp:attachment":[{"href":"https:\/\/new.medifactia.com\/sv\/wp-json\/wp\/v2\/media?parent=14260"}],"curies":[{"name":"wp","href":"https:\/\/api.w.org\/{rel}","templated":true}]}}