{"id":14374,"date":"2021-08-29T09:27:15","date_gmt":"2021-08-29T08:27:15","guid":{"rendered":"https:\/\/new.medifactia.com\/sv\/?page_id=14374"},"modified":"2021-09-16T09:04:03","modified_gmt":"2021-09-16T08:04:03","slug":"remittera-patienten","status":"publish","type":"page","link":"https:\/\/new.medifactia.com\/sv\/remittera-patienten\/","title":{"rendered":"Remittera patienten"},"content":{"rendered":"<div class=\"flex_column av_one_full  flex_column_div av-zero-column-padding first  avia-builder-el-0  avia-builder-el-no-sibling  \" style='border-radius:0px; '><p><div  style='padding-bottom:10px; ' class='av-special-heading av-special-heading-h1  blockquote modern-quote  avia-builder-el-1  el_before_av_textblock  avia-builder-el-first  '><h1 class='av-special-heading-tag '  itemprop=\"headline\"  >Remittera patienten<\/h1><div class='special-heading-border'><div class='special-heading-inner-border' ><\/div><\/div><\/div><br \/>\n<section class=\"av_textblock_section \"  itemscope=\"itemscope\" itemtype=\"https:\/\/schema.org\/CreativeWork\" ><div class='avia_textblock  '   itemprop=\"text\" ><p>Remiss f\u00f6r kolontransitunders\u00f6kning med Transit-Pellets\u2122 r\u00f6ntgent\u00e4ta mark\u00f6rer skickas till n\u00e4rmaste r\u00f6ntgenavdelning\/klinik, offentligt eller privat driven verksamhet.<\/p>\n<p>Remissen kan skrivas av t.ex. prim\u00e4rv\u00e5rdsl\u00e4kare eller annan l\u00e4kare som har erfarenhet av gastroenterologiska patienter. Vid sv\u00e5rbed\u00f6mda fall skickas remissen direkt till gastrospecialist.<\/p>\n<p>Fr\u00e5gest\u00e4llningen kan exempelvis vara:\u00a0<em>F\u00f6religger l\u00e5ngsam kolontransit? I vilket segment f\u00f6religger i s\u00e5 fall denna f\u00f6rdr\u00f6jning?<\/em><\/p>\n<p>I regel \u00e4r det r\u00f6ntgenavdelningen som har hand om instruktioner och produkten Transit-Pellets Radiopaque markers. Instruktion\/information till patienten \u00e4r en mycket viktig del av handl\u00e4ggningen. I sv\u00e5rbed\u00f6mda fall kan gastroenterolog eller intresserad gastrokirurg r\u00e5dfr\u00e5gas om l\u00e4mpligaste handl\u00e4ggning.<\/p>\n<\/div><\/section><br \/>\n<div   class='hr hr-default   avia-builder-el-3  el_after_av_textblock  el_before_av_button '><span class='hr-inner ' ><span class='hr-inner-style'><\/span><\/span><\/div><br \/>\n<div  class='avia-button-wrap avia-button-left  avia-builder-el-4  el_after_av_hr  el_before_av_button ' ><a href='https:\/\/new.medifactia.com\/sv\/overview\/'  class='avia-button   avia-icon_select-yes-left-icon avia-color-theme-color avia-size-large avia-position-left '   ><span class='avia_button_icon avia_button_icon_left ' aria-hidden='true' data-av_icon='\ue87c' data-av_iconfont='entypo-fontello'><\/span><span class='avia_iconbox_title' > Overview<\/span><\/a><\/div><br \/>\n<div  class='avia-button-wrap avia-button-right  avia-builder-el-5  el_after_av_button  avia-builder-el-last ' ><a href='https:\/\/new.medifactia.com\/sv\/avsedd-anvandning\/'  class='avia-button   avia-icon_select-yes-right-icon avia-color-theme-color avia-size-large avia-position-right '   ><span class='avia_iconbox_title' >Avsedd anv\u00e4ndning <\/span><span class='avia_button_icon avia_button_icon_right' aria-hidden='true' data-av_icon='\ue87d' data-av_iconfont='entypo-fontello'><\/span><\/a><\/div><\/p><\/div>\n","protected":false},"excerpt":{"rendered":"","protected":false},"author":1,"featured_media":0,"parent":0,"menu_order":0,"comment_status":"closed","ping_status":"closed","template":"","meta":[],"_links":{"self":[{"href":"https:\/\/new.medifactia.com\/sv\/wp-json\/wp\/v2\/pages\/14374"}],"collection":[{"href":"https:\/\/new.medifactia.com\/sv\/wp-json\/wp\/v2\/pages"}],"about":[{"href":"https:\/\/new.medifactia.com\/sv\/wp-json\/wp\/v2\/types\/page"}],"author":[{"embeddable":true,"href":"https:\/\/new.medifactia.com\/sv\/wp-json\/wp\/v2\/users\/1"}],"replies":[{"embeddable":true,"href":"https:\/\/new.medifactia.com\/sv\/wp-json\/wp\/v2\/comments?post=14374"}],"version-history":[{"count":4,"href":"https:\/\/new.medifactia.com\/sv\/wp-json\/wp\/v2\/pages\/14374\/revisions"}],"predecessor-version":[{"id":14543,"href":"https:\/\/new.medifactia.com\/sv\/wp-json\/wp\/v2\/pages\/14374\/revisions\/14543"}],"wp:attachment":[{"href":"https:\/\/new.medifactia.com\/sv\/wp-json\/wp\/v2\/media?parent=14374"}],"curies":[{"name":"wp","href":"https:\/\/api.w.org\/{rel}","templated":true}]}}