{"id":14442,"date":"2021-08-30T06:15:39","date_gmt":"2021-08-30T05:15:39","guid":{"rendered":"https:\/\/new.medifactia.com\/sv\/?page_id=14442"},"modified":"2021-08-30T06:34:09","modified_gmt":"2021-08-30T05:34:09","slug":"bestall","status":"publish","type":"page","link":"https:\/\/new.medifactia.com\/sv\/bestall\/","title":{"rendered":"Best\u00e4ll"},"content":{"rendered":"<div class=\"flex_column av_one_full  flex_column_div av-zero-column-padding first  avia-builder-el-0  el_before_av_one_half  avia-builder-el-first  \" style='border-radius:0px; '><p><div  style='padding-bottom:10px; ' class='av-special-heading av-special-heading-h1  blockquote modern-quote  avia-builder-el-1  el_before_av_hr  avia-builder-el-first  '><h1 class='av-special-heading-tag '  itemprop=\"headline\"  >Best\u00e4ll<\/h1><div class='special-heading-border'><div class='special-heading-inner-border' ><\/div><\/div><\/div><br \/>\n<div  style='height:1px; margin-top:-50px'  class='hr hr-invisible   avia-builder-el-2  el_after_av_heading  avia-builder-el-last '><span class='hr-inner ' ><span class='hr-inner-style'><\/span><\/span><\/div><\/p><\/div>\n<div class=\"flex_column av_one_half  flex_column_div av-zero-column-padding first  avia-builder-el-3  el_after_av_one_full  el_before_av_one_half  column-top-margin\" style='border-radius:0px; '><p><section class=\"av_textblock_section \"  itemscope=\"itemscope\" itemtype=\"https:\/\/schema.org\/CreativeWork\" ><div class='avia_textblock  '   itemprop=\"text\" ><p>F\u00f6r oss p\u00e5 Medifactia \u00e4r kvalitet A och O. Kvalitet s\u00e5v\u00e4l n\u00e4r det g\u00e4ller produktens p\u00e5litlighet som leveranss\u00e4kerhet. Kvaliteten p\u00e5 v\u00e5r produkt och v\u00e5ra tj\u00e4nster ska vara en v\u00e4sentlig anledning till k\u00f6p.<\/p>\n<p>En f\u00f6rpackning Transit-Pellets\u2122 r\u00f6ntgent\u00e4ta mark\u00f6rer inneh\u00e5ller sju kapslar avsedd f\u00f6r en patient och en unders\u00f6kning.<\/p>\n<p><a href=\"https:\/\/new.medifactia.com\/sv\/wp-content\/uploads\/sites\/4\/2021\/08\/0042SE9-IFU-Patient-1.pdf\" target=\"_blank\" rel=\"noopener\">Ladda ner bipacksedel (PDF)<\/a><\/p>\n<\/div><\/section><br \/>\n<div  class='avia-image-container  av-styling-    avia-builder-el-5  el_after_av_textblock  el_before_av_textblock  avia-align-center '  itemprop=\"image\" itemscope=\"itemscope\" itemtype=\"https:\/\/schema.org\/ImageObject\"  ><div class='avia-image-container-inner'><div class='avia-image-overlay-wrap'><img class='avia_image' src='https:\/\/new.medifactia.com\/sv\/wp-content\/uploads\/sites\/4\/2021\/08\/Transit-Pellets-Package-Open.png' alt='' title='Transit-Pellets-Package-Open' height=\"360\" width=\"640\"  itemprop=\"thumbnailUrl\"  \/><\/div><\/div><\/div><br \/>\n<section class=\"av_textblock_section \"  itemscope=\"itemscope\" itemtype=\"https:\/\/schema.org\/CreativeWork\" ><div class='avia_textblock  '   itemprop=\"text\" ><p>Har du fr\u00e5gor eller vill att vi kommer till er f\u00f6r ett gemensamt m\u00f6te d\u00e4r vi ber\u00e4ttar mer om produkten, metoden och GI Monitoring System, v\u00e4nligen kontakta oss p\u00e5 <a href=\"mailto:info@medifactia.com\">info@medifactia.com<\/a>.<\/p>\n<p><a href=\"https:\/\/new.medifactia.com\/sv\/wp-content\/uploads\/sites\/4\/2021\/08\/Kop-och-leveransvillkor-2019-07.pdf\" target=\"_blank\" rel=\"noopener\">K\u00f6p- och leveransvillkor<\/a><\/p>\n<\/div><\/section><\/p><\/div>\n<div class=\"flex_column av_one_half  flex_column_div av-zero-column-padding   avia-builder-el-7  el_after_av_one_half  avia-builder-el-last  column-top-margin\" style='border-radius:0px; '><p><section class=\"av_textblock_section \"  itemscope=\"itemscope\" itemtype=\"https:\/\/schema.org\/CreativeWork\" ><div class='avia_textblock  '   itemprop=\"text\" ><p>Best\u00e4ll Transit-Pellets\u2122 r\u00f6ntgent\u00e4ta mark\u00f6rer genom att fylla i informationen nedan. Obligatoriska f\u00e4lt \u00e4r markerade med en stj\u00e4rna*. Dessa f\u00e4llt m\u00e5ste fyllas i f\u00f6r att kunna skapa best\u00e4llningen.<\/p>\n<\/div><\/section><br \/>\n<\/p><\/div>\n","protected":false},"excerpt":{"rendered":"","protected":false},"author":1,"featured_media":0,"parent":0,"menu_order":0,"comment_status":"closed","ping_status":"closed","template":"","meta":[],"_links":{"self":[{"href":"https:\/\/new.medifactia.com\/sv\/wp-json\/wp\/v2\/pages\/14442"}],"collection":[{"href":"https:\/\/new.medifactia.com\/sv\/wp-json\/wp\/v2\/pages"}],"about":[{"href":"https:\/\/new.medifactia.com\/sv\/wp-json\/wp\/v2\/types\/page"}],"author":[{"embeddable":true,"href":"https:\/\/new.medifactia.com\/sv\/wp-json\/wp\/v2\/users\/1"}],"replies":[{"embeddable":true,"href":"https:\/\/new.medifactia.com\/sv\/wp-json\/wp\/v2\/comments?post=14442"}],"version-history":[{"count":5,"href":"https:\/\/new.medifactia.com\/sv\/wp-json\/wp\/v2\/pages\/14442\/revisions"}],"predecessor-version":[{"id":14444,"href":"https:\/\/new.medifactia.com\/sv\/wp-json\/wp\/v2\/pages\/14442\/revisions\/14444"}],"wp:attachment":[{"href":"https:\/\/new.medifactia.com\/sv\/wp-json\/wp\/v2\/media?parent=14442"}],"curies":[{"name":"wp","href":"https:\/\/api.w.org\/{rel}","templated":true}]}}