{"id":272,"date":"2016-05-04T13:32:55","date_gmt":"2016-05-04T12:32:55","guid":{"rendered":"http:\/\/medifactia.lluvy.se\/?page_id=272"},"modified":"2021-09-20T11:36:18","modified_gmt":"2021-09-20T10:36:18","slug":"downloads","status":"publish","type":"page","link":"https:\/\/new.medifactia.com\/sv\/downloads\/","title":{"rendered":"Nedladdningsbara filer"},"content":{"rendered":"<div class=\"flex_column av_three_fourth  flex_column_div av-zero-column-padding first  avia-builder-el-0  avia-builder-el-no-sibling  \" style='border-radius:0px; '><p><div  style='padding-bottom:10px; ' class='av-special-heading av-special-heading-h1  blockquote modern-quote  avia-builder-el-1  el_before_av_table  avia-builder-el-first  '><h1 class='av-special-heading-tag '  itemprop=\"headline\"  >Nedladdningsbara filer<\/h1><div class='special-heading-border'><div class='special-heading-inner-border' ><\/div><\/div><\/div><br \/>\n<div class='avia-data-table-wrap avia_responsive_table'><table class='avia-table avia-data-table avia-table-1  avia-builder-el-2  el_after_av_heading  el_before_av_heading  downloads-tbl avia_pricing_default '  itemscope=\"itemscope\" itemtype=\"https:\/\/schema.org\/Table\" ><tbody><tr class='avia-heading-row'><th class=''>Dokument<\/th><th class=''>Version \/ Datum<\/th><\/tr><tr class=''><td class=''><a href=\"https:\/\/new.medifactia.com\/wp-content\/uploads\/2021\/09\/Measurement-of-Colonic-Transit-with-Transit-Pellets-method-0026-ver09.pdf\" target=\"_blank\" rel=\"noopener\">Measurement of Colonic Transit Time with Transit-Pellets method<\/a><\/td><td class=''>0026E \/ 2021-02<\/td><\/tr><tr class=''><td class=''><a href=\"https:\/\/new.medifactia.com\/sv\/wp-content\/uploads\/sites\/4\/2021\/09\/Utredningsschema-forstoppning-Svenska-01.png\" target=\"_blank\" rel=\"noopener\">Utredningsschema f\u00f6rstoppning<\/a><\/td><td class=''>2019-01<\/td><\/tr><tr class=''><td class=''><a href=\"https:\/\/new.medifactia.com\/sv\/wp-content\/uploads\/sites\/4\/2021\/09\/Utredningsschema-IBS-Svenska-01.png\" target=\"_blank\" rel=\"noopener\">Utredningsschema IBS<\/a><\/td><td class=''>2018-02<\/td><\/tr><tr class=''><td class=''><a href=\"https:\/\/new.medifactia.com\/wp-content\/uploads\/2021\/09\/OATT-CTT-Children-and-Adolescents.pdf\" target=\"_blank\" rel=\"noopener\">OATT Children &amp; adolescents<\/a><\/td><td class=''>2017<\/td><\/tr><\/tbody><\/table><\/div><style type='text\/css'>.avia-table-1 td:nth-of-type(1):before { content: 'Dokument'; } .avia-table-1 td:nth-of-type(2):before { content: 'Version \/ Datum'; } <\/style><br \/>\n<div  style='padding-bottom:10px; ' class='av-special-heading av-special-heading-h2  blockquote modern-quote  avia-builder-el-3  el_after_av_table  el_before_av_table  '><h2 class='av-special-heading-tag '  itemprop=\"headline\"  >Bruksanvisningar (IFU, patienter) <\/h2><div class='special-heading-border'><div class='special-heading-inner-border' ><\/div><\/div><\/div><br \/>\n<div class='avia-data-table-wrap avia_responsive_table'><table class='avia-table avia-data-table avia-table-2  avia-builder-el-4  el_after_av_heading  avia-builder-el-last  avia_pricing_default '  itemscope=\"itemscope\" itemtype=\"https:\/\/schema.org\/Table\" ><tbody><tr class='avia-heading-row'><th class=''>EUROPA, LATINAMERIKA &amp; SYDAMERIKA<\/th><th class=''>USA<\/th><\/tr><tr class=''><td class=''><img src=\"https:\/\/cdn.wpml.org\/wp-content\/plugins\/sitepress-multilingual-cms\/res\/flags\/no.png\" \/> <a href=\"https:\/\/new.medifactia.com\/wp-content\/uploads\/2021\/09\/0004NO7-IFU-Patient.pdf\" target=\"_blank\" rel=\"noopener\">Bruksanvisning (pasienter)<\/a><\/td><td class=''><img src=\"https:\/\/cdn.wpml.org\/wp-content\/plugins\/sitepress-multilingual-cms\/res\/flags\/us.png\" \/> <a href=\"https:\/\/new.medifactia.com\/wp-content\/uploads\/2021\/09\/0025U2-IFU-Patient.pdf\" target=\"_blank\" rel=\"noopener\">Instructions for Use (Patients) <\/a><\/td><\/tr><tr class=''><td class=''><img src=\"https:\/\/cdn.wpml.org\/wp-content\/plugins\/sitepress-multilingual-cms\/res\/flags\/en.png\" \/> <a href=\"https:\/\/new.medifactia.com\/wp-content\/uploads\/2021\/09\/0025E14-IFU-Patient.pdf\" target=\"_blank\" rel=\"noopener\">Instructions for Use (Patients)<\/a><\/td><td class=''><img src=\"https:\/\/cdn.wpml.org\/wp-content\/plugins\/sitepress-multilingual-cms\/res\/flags\/es.png\" \/> <a href=\"https:\/\/new.medifactia.com\/wp-content\/uploads\/2021\/09\/0049ESU1-IFU-Patient.pdf\" target=\"_blank\" rel=\"noopener\">Instrucciones de uso (pacientes)<\/a><\/td><\/tr><tr class=''><td class=''><img src=\"https:\/\/cdn.wpml.org\/wp-content\/plugins\/sitepress-multilingual-cms\/res\/flags\/pl.png\" \/> <a href=\"https:\/\/new.medifactia.com\/wp-content\/uploads\/2021\/09\/0032PL7-IFU-Patient.pdf\" target=\"_blank\" rel=\"noopener\">Instrukcja u\u017cytkowania (pacjenci)<\/a><\/td><td class=''><\/td><\/tr><tr class=''><td class=''><img src=\"https:\/\/cdn.wpml.org\/wp-content\/plugins\/sitepress-multilingual-cms\/res\/flags\/sv.png\" \/> <a href=\"https:\/\/new.medifactia.com\/wp-content\/uploads\/2021\/09\/0042SE10-IFU-Patient.pdf\" target=\"_blank\" rel=\"noopener\">Bruksanvisning (patienter)<\/a><\/td><td class=''><\/td><\/tr><tr class=''><td class=''><img src=\"https:\/\/cdn.wpml.org\/wp-content\/plugins\/sitepress-multilingual-cms\/res\/flags\/fr.png\" \/> <a href=\"https:\/\/new.medifactia.com\/wp-content\/uploads\/2021\/09\/0046FR5-IFU-Patient.pdf\" target=\"_blank\" rel=\"noopener\">Instructions d&#8217;utilisation (patients) <\/a><\/td><td class=''><\/td><\/tr><tr class=''><td class=''><img src=\"https:\/\/cdn.wpml.org\/wp-content\/plugins\/sitepress-multilingual-cms\/res\/flags\/nl.png\" \/> <a href=\"https:\/\/new.medifactia.com\/wp-content\/uploads\/2021\/09\/0047NL5-IFU-Patient.pdf\" target=\"_blank\" rel=\"noopener\">Instructies voor gebruik (pati\u00ebnten)<\/a><\/td><td class=''><\/td><\/tr><tr class=''><td class=''><img src=\"https:\/\/cdn.wpml.org\/wp-content\/plugins\/sitepress-multilingual-cms\/res\/flags\/de.png\" \/> <a href=\"https:\/\/new.medifactia.com\/wp-content\/uploads\/2021\/09\/0048DE5-IFU-Patient.pdf\" target=\"_blank\" rel=\"noopener\">Gebrauchsanweisung (Patienten)<\/a><\/td><td class=''><\/td><\/tr><tr class=''><td class=''><img src=\"https:\/\/cdn.wpml.org\/wp-content\/plugins\/sitepress-multilingual-cms\/res\/flags\/es.png\" \/> <a href=\"https:\/\/new.medifactia.com\/wp-content\/uploads\/2021\/09\/0049ESE5-IFU-Patient.pdf\" target=\"_blank\" rel=\"noopener\">Instrucciones de uso (pacientes)<\/a><\/td><td class=''><\/td><\/tr><tr class=''><td class=''><img src=\"https:\/\/cdn.wpml.org\/wp-content\/plugins\/sitepress-multilingual-cms\/res\/flags\/is.png\" \/> <a href=\"https:\/\/new.medifactia.com\/wp-content\/uploads\/2021\/09\/0051IS4-IFU-Patient.pdf\" target=\"_blank\" rel=\"noopener\">Notkunarlei\u00f0beiningar (sj\u00faklingar)<\/a><\/td><td class=''><\/td><\/tr><tr class=''><td class=''><img src=\"https:\/\/cdn.wpml.org\/wp-content\/plugins\/sitepress-multilingual-cms\/res\/flags\/hr.png\" \/> <a href=\"https:\/\/new.medifactia.com\/wp-content\/uploads\/2021\/09\/0052HR3-IFU-Patient.pdf\" target=\"_blank\" rel=\"noopener\">Upute za uporabu (pacijenti)<\/a><\/td><td class=''><\/td><\/tr><tr class=''><td class=''><img src=\"https:\/\/cdn.wpml.org\/wp-content\/plugins\/sitepress-multilingual-cms\/res\/flags\/fi.png\" \/> <a href=\"https:\/\/new.medifactia.com\/wp-content\/uploads\/2021\/09\/0053FI3-IFU-Patient.pdf\" target=\"_blank\" rel=\"noopener\">K\u00e4ytt\u00f6ohjeet (potilaat)<\/a><\/td><td class=''><\/td><\/tr><tr class=''><td class=''><img src=\"https:\/\/cdn.wpml.org\/wp-content\/plugins\/sitepress-multilingual-cms\/res\/flags\/it.png\" \/> <a href=\"https:\/\/new.medifactia.com\/wp-content\/uploads\/2021\/09\/0055IT2-IFU-Patient.pdf\" target=\"_blank\" rel=\"noopener\">Istruzioni per l&#8217;uso (pazienti)<\/a><\/td><td class=''><\/td><\/tr><tr class=''><td class=''><img src=\"https:\/\/cdn.wpml.org\/wp-content\/plugins\/sitepress-multilingual-cms\/res\/flags\/pt.png\" \/> <a href=\"https:\/\/new.medifactia.com\/wp-content\/uploads\/2021\/09\/0056PT2-IFU-Patient.pdf\" target=\"_blank\" rel=\"noopener\">Instru\u00e7\u00f5es de uso (pacientes)<\/a><\/td><td class=''><\/td><\/tr><tr class=''><td class=''><img src=\"https:\/\/cdn.wpml.org\/wp-content\/plugins\/sitepress-multilingual-cms\/res\/flags\/dk.png\" \/> <a href=\"https:\/\/new.medifactia.com\/wp-content\/uploads\/2021\/09\/0057DK2-IFU-Patient.pdf\" target=\"_blank\" rel=\"noopener\">Brugsanvisning (patienter)<\/a><\/td><td class=''><\/td><\/tr><tr class=''><td class=''><img src=\"https:\/\/cdn.wpml.org\/wp-content\/plugins\/sitepress-multilingual-cms\/res\/flags\/lv.png\" \/> <a href=\"https:\/\/new.medifactia.com\/wp-content\/uploads\/2021\/09\/0073LV2-IFU-Patient.pdf\" target=\"_blank\" rel=\"noopener\">Lieto\u0161anas instrukcijas (pacientiem)<\/a><\/td><td class=''><\/td><\/tr><tr class=''><td class=''><img src=\"https:\/\/cdn.wpml.org\/wp-content\/plugins\/sitepress-multilingual-cms\/res\/flags\/tr.png\" \/> <a href=\"https:\/\/new.medifactia.com\/wp-content\/uploads\/2021\/09\/0095TR1-IFU-Patient.pdf\" target=\"_blank\" rel=\"noopener\">Kullan\u0131m Talimatlar\u0131 (Hastalar)<\/a><\/td><td class=''><\/td><\/tr><tr class=''><td class=''><img src=\"https:\/\/cdn.wpml.org\/wp-content\/plugins\/sitepress-multilingual-cms\/res\/flags\/gr.png\" \/> <a href=\"https:\/\/new.medifactia.com\/wp-content\/uploads\/2021\/09\/00105GR1-IFU-Patient.pdf\" target=\"_blank\" rel=\"noopener\">\u039f\u03b4\u03b7\u03b3\u03af\u03b5\u03c2 \u03c7\u03c1\u03ae\u03c3\u03b7\u03c2 (\u03b1\u03c3\u03b8\u03b5\u03bd\u03b5\u03af\u03c2)<\/a><\/td><td class=''><\/td><\/tr><tr class=''><td class=''><img src=\"https:\/\/cdn.wpml.org\/wp-content\/plugins\/sitepress-multilingual-cms\/res\/flags\/cs.png\" \/> <a href=\"https:\/\/new.medifactia.com\/wp-content\/uploads\/2021\/09\/00102CS1-IFU-Patient.pdf\" target=\"_blank\" rel=\"noopener\">N\u00e1vod k pou\u017eit\u00ed (pacienti)<\/a><\/td><td class=''><\/td><\/tr><tr class=''><td class=''><img src=\"https:\/\/cdn.wpml.org\/wp-content\/plugins\/sitepress-multilingual-cms\/res\/flags\/sk.png\" \/> <a href=\"https:\/\/new.medifactia.com\/wp-content\/uploads\/2021\/09\/00103SK1-IFU-Patient.pdf\" target=\"_blank\" rel=\"noopener\">N\u00e1vod na pou\u017eitie (pacienti)<\/a><\/td><td class=''><\/td><\/tr><tr class=''><td class=''><a href=\"https:\/\/new.medifactia.com\/wp-content\/uploads\/2021\/09\/00104AR1-IFU-Patient.pdf\" target=\"_blank\" rel=\"noopener\">\u062a\u0639\u0644\u064a\u0645\u0627\u062a \u0644\u0644\u0627\u0633\u062a\u062e\u062f\u0627\u0645 (\u0644\u0644\u0645\u0631\u0636\u0649)<\/a><\/td><td class=''><\/td><\/tr><\/tbody><\/table><\/div><style type='text\/css'>.avia-table-2 td:nth-of-type(1):before { content: 'EUROPA, LATINAMERIKA & SYDAMERIKA'; } .avia-table-2 td:nth-of-type(2):before { content: 'USA'; } <\/style><\/p><\/div>\n","protected":false},"excerpt":{"rendered":"","protected":false},"author":1,"featured_media":0,"parent":0,"menu_order":0,"comment_status":"closed","ping_status":"closed","template":"","meta":[],"_links":{"self":[{"href":"https:\/\/new.medifactia.com\/sv\/wp-json\/wp\/v2\/pages\/272"}],"collection":[{"href":"https:\/\/new.medifactia.com\/sv\/wp-json\/wp\/v2\/pages"}],"about":[{"href":"https:\/\/new.medifactia.com\/sv\/wp-json\/wp\/v2\/types\/page"}],"author":[{"embeddable":true,"href":"https:\/\/new.medifactia.com\/sv\/wp-json\/wp\/v2\/users\/1"}],"replies":[{"embeddable":true,"href":"https:\/\/new.medifactia.com\/sv\/wp-json\/wp\/v2\/comments?post=272"}],"version-history":[{"count":12,"href":"https:\/\/new.medifactia.com\/sv\/wp-json\/wp\/v2\/pages\/272\/revisions"}],"predecessor-version":[{"id":14548,"href":"https:\/\/new.medifactia.com\/sv\/wp-json\/wp\/v2\/pages\/272\/revisions\/14548"}],"wp:attachment":[{"href":"https:\/\/new.medifactia.com\/sv\/wp-json\/wp\/v2\/media?parent=272"}],"curies":[{"name":"wp","href":"https:\/\/api.w.org\/{rel}","templated":true}]}}