{"id":8667,"date":"2019-08-08T10:19:12","date_gmt":"2019-08-08T09:19:12","guid":{"rendered":"https:\/\/medifactia.com\/?page_id=8667"},"modified":"2021-08-29T20:00:02","modified_gmt":"2021-08-29T19:00:02","slug":"transit-pellets","status":"publish","type":"page","link":"https:\/\/new.medifactia.com\/sv\/transit-pellets\/","title":{"rendered":"Transit-Pellets"},"content":{"rendered":"<div class=\"flex_column av_one_full  flex_column_div av-zero-column-padding first  avia-builder-el-0  avia-builder-el-no-sibling  \" style='border-radius:0px; '><p><div   data-size='magazine'  data-lightbox_size='large'  data-animation='slide'  data-conditional_play=''  data-ids='14427,14426,14428'  data-video_counter='0'  data-autoplay='true'  data-bg_slider='false'  data-slide_height=''  data-handle='av_slideshow'  data-interval='7'  data-class=' avia-builder-el-1  el_before_av_heading  avia-builder-el-first  '  data-el_id=''  data-css_id=''  data-scroll_down=''  data-control_layout='av-control-default'  data-custom_markup=''  data-perma_caption=''  data-autoplay_stopper=''  data-image_attachment=''  data-min_height='0px'  data-default-height='52.816901408451'  class='avia-slideshow avia-slideshow-1  av-control-default av-default-height-applied avia-slideshow-magazine av_slideshow  avia-builder-el-1  el_before_av_heading  avia-builder-el-first   avia-slide-slider '  itemprop=\"image\" itemscope=\"itemscope\" itemtype=\"https:\/\/schema.org\/ImageObject\" ><ul class='avia-slideshow-inner ' style='padding-bottom: 52.816901408451%;' ><li  class=' slide-1 ' ><div data-rel='slideshow-1' class='avia-slide-wrap '   ><img src='https:\/\/new.medifactia.com\/sv\/wp-content\/uploads\/sites\/4\/2021\/08\/Na\u0308rbild-och-Text-710x375.png' width='710' height='375' title='Na\u0308rbild-och-Text' alt=''  itemprop=\"thumbnailUrl\"   \/><\/div><\/li><li  class=' slide-2 ' ><div data-rel='slideshow-1' class='avia-slide-wrap '   ><img src='https:\/\/new.medifactia.com\/sv\/wp-content\/uploads\/sites\/4\/2021\/08\/2-Paket-utan-text-710x375.png' width='710' height='375' title='2-Paket-utan-text' alt=''  itemprop=\"thumbnailUrl\"   \/><\/div><\/li><li  class=' slide-3 ' ><div data-rel='slideshow-1' class='avia-slide-wrap '   ><img src='https:\/\/new.medifactia.com\/sv\/wp-content\/uploads\/sites\/4\/2021\/08\/Ro\u0308ntgen-710x375.png' width='710' height='375' title='Ro\u0308ntgen' alt=''  itemprop=\"thumbnailUrl\"   \/><\/div><\/li><\/ul><div class='avia-slideshow-arrows avia-slideshow-controls'><a href='#prev' class='prev-slide' aria-hidden='true' data-av_icon='\ue87c' data-av_iconfont='entypo-fontello'>F\u00f6reg\u00e5ende<\/a><a href='#next' class='next-slide' aria-hidden='true' data-av_icon='\ue87d' data-av_iconfont='entypo-fontello'>N\u00e4sta<\/a><\/div><div class='avia-slideshow-dots avia-slideshow-controls'><a href='#1' class='goto-slide active' >1<\/a><a href='#2' class='goto-slide ' >2<\/a><a href='#3' class='goto-slide ' >3<\/a><\/div><\/div><br \/>\n<div  style='padding-bottom:10px; ' class='av-special-heading av-special-heading-h1  blockquote modern-quote  avia-builder-el-2  el_after_av_slideshow  el_before_av_textblock  '><h1 class='av-special-heading-tag '  itemprop=\"headline\"  >Transit-Pellets\u2122 r\u00f6ntgent\u00e4ta mark\u00f6rer<\/h1><div class='special-heading-border'><div class='special-heading-inner-border' ><\/div><\/div><\/div><br \/>\n<section class=\"av_textblock_section \"  itemscope=\"itemscope\" itemtype=\"https:\/\/schema.org\/CreativeWork\" ><div class='avia_textblock  '   itemprop=\"text\" ><p>F\u00f6r oss p\u00e5 Medifactia \u00e4r kvalitet A och O. Kvalitet s\u00e5v\u00e4l n\u00e4r det g\u00e4ller produktens p\u00e5litlighet som leveranss\u00e4kerhet. Kvaliteten p\u00e5 v\u00e5r produkt Transit-Pellets\u2122 och v\u00e5ra tj\u00e4nster ska vara en v\u00e4sentlig anledning till k\u00f6p.<\/p>\n<p>V\u00e5ra pellets best\u00e5r av h\u00f6gkvalitativa r\u00f6ntgent\u00e4ta mark\u00f6rer f\u00f6rpackade i vegetariska kapslar f\u00f6r m\u00e4tning av kolontransit enligt Transit-Pelletsmetoden\u2122. Transit-Pelletsmetoden\u2122 \u00e4r internationellt v\u00e4lk\u00e4nd som \u201cAbrahamsson Method\u201d och metoden till\u00e4mpas kontinuerligt av framst\u00e5ende anv\u00e4ndare i hela v\u00e4rlden.<\/p>\n<p>Mark\u00f6rerna inneh\u00e5ller Barium Sulfat som \u00e4r en erk\u00e4nd kvalitetst\u00e4mpel vid r\u00f6ntgen sedan 1900-talet. Produkten inneh\u00e5ller inga animaliska \u00e4mnen eller sp\u00e5r av gluten. F\u00f6r fullst\u00e4ndig inneh\u00e5llsf\u00f6rteckning, var god se Patientinformation.<\/p>\n<p>Kvalitetsarbetet p\u00e5g\u00e5r alltid och vi sl\u00e5r oss inte till ro. Medifactias produkt ska uppfylla myndigheternas krav och de f\u00f6rv\u00e4ntningar som st\u00e4lls av v\u00e5ra kunder. D\u00e4rf\u00f6r \u00e4r v\u00e5r produkt, i samarbete med Hasse Abrahamsson och Sahlgrenska Universitetssjukhuset, CE-m\u00e4rkt.<\/p>\n<\/div><\/section><br \/>\n<div  class='avia-button-wrap avia-button-left  avia-builder-el-4  el_after_av_textblock  avia-builder-el-last ' ><a href='https:\/\/new.medifactia.com\/sv\/wp-content\/uploads\/sites\/4\/2021\/08\/Medifactia-AB-Cert-no.-SC0557-15_mdd_bilaga_5_en.pdf'  class='avia-button   avia-icon_select-no avia-color-theme-color avia-size-large avia-position-left '  target=\"_blank\"   ><span class='avia_iconbox_title' >EG Certifikat<\/span><\/a><\/div><\/p><\/div>\n","protected":false},"excerpt":{"rendered":"","protected":false},"author":1,"featured_media":0,"parent":0,"menu_order":0,"comment_status":"closed","ping_status":"closed","template":"","meta":[],"_links":{"self":[{"href":"https:\/\/new.medifactia.com\/sv\/wp-json\/wp\/v2\/pages\/8667"}],"collection":[{"href":"https:\/\/new.medifactia.com\/sv\/wp-json\/wp\/v2\/pages"}],"about":[{"href":"https:\/\/new.medifactia.com\/sv\/wp-json\/wp\/v2\/types\/page"}],"author":[{"embeddable":true,"href":"https:\/\/new.medifactia.com\/sv\/wp-json\/wp\/v2\/users\/1"}],"replies":[{"embeddable":true,"href":"https:\/\/new.medifactia.com\/sv\/wp-json\/wp\/v2\/comments?post=8667"}],"version-history":[{"count":4,"href":"https:\/\/new.medifactia.com\/sv\/wp-json\/wp\/v2\/pages\/8667\/revisions"}],"predecessor-version":[{"id":14423,"href":"https:\/\/new.medifactia.com\/sv\/wp-json\/wp\/v2\/pages\/8667\/revisions\/14423"}],"wp:attachment":[{"href":"https:\/\/new.medifactia.com\/sv\/wp-json\/wp\/v2\/media?parent=8667"}],"curies":[{"name":"wp","href":"https:\/\/api.w.org\/{rel}","templated":true}]}}