{"id":135,"date":"2016-04-14T11:33:18","date_gmt":"2016-04-14T09:33:18","guid":{"rendered":"http:\/\/medifactia.lluvy.se\/?page_id=135"},"modified":"2016-04-14T11:33:18","modified_gmt":"2016-04-14T09:33:18","slug":"research","status":"publish","type":"page","link":"https:\/\/new.medifactia.com\/us\/research\/","title":{"rendered":"Research"},"content":{"rendered":"<div class=\"flex_column av_one_full  flex_column_div av-zero-column-padding first  avia-builder-el-0  el_before_av_one_full  avia-builder-el-first  \" style='border-radius:0px; '><p><div  style='padding-bottom:10px; ' class='av-special-heading av-special-heading-h1  blockquote modern-quote  avia-builder-el-1  el_before_av_textblock  avia-builder-el-first  '><h1 class='av-special-heading-tag '  itemprop=\"headline\"  >Research<\/h1><div class='special-heading-border'><div class='special-heading-inner-border' ><\/div><\/div><\/div><br \/>\n<section class=\"av_textblock_section \"  itemscope=\"itemscope\" itemtype=\"https:\/\/schema.org\/CreativeWork\" ><div class='avia_textblock  '   itemprop=\"text\" ><p>Hasse Abrahamsson and Simeon Antov, researcher at Sahlgrenska University Hospital, developed the principle of Transit-Pellets method. The method is formally known as Abrahamsson Method and received the name Transit-Pellets method in 2014. Below you will find examples of significant publications: Studies using the Transit-Pellets method.<\/p>\n<\/div><\/section><br \/>\n<div class='avia-data-table-wrap avia_responsive_table'><table class='avia-table avia-data-table avia-table-1  avia-builder-el-3  el_after_av_textblock  el_before_av_textblock  avia_pricing_default '  itemscope=\"itemscope\" itemtype=\"https:\/\/schema.org\/Table\" ><tbody><tr class=''><td class=''>1. *Abrahamsson H, Antov S, Bosaeus I. <a href=\"https:\/\/www.ncbi.nlm.nih.gov\/pubmed\/3254616\" target=\"_blank\" rel=\"noopener\">Gastrointestinal and colonic segmental transit time evaluated by a single abdominal X-ray in healthy subjects and constipated patients<\/a>. Scand J Gastroenterol 1988, 23 (suppl 152), 72-80<br \/>\n<\/td><\/tr><tr class=''><td class=''>2. *Abrahamsson H, Antov S. <a href=\"https:\/\/www.ncbi.nlm.nih.gov\/pubmed\/20584262\" target=\"_blank\" rel=\"noopener\">Accuracy in assessment of colonic transit time with particles: how many markers should be used?<\/a> Neurogastroenterol Motil. 2010;22:1164-69<\/td><\/tr><tr class=''><td class=''>3. *Bohlin J, Dahlin E, Dreja J, Roth B, Ekberg O, Ohlsson B. <a href=\"https:\/\/www.ncbi.nlm.nih.gov\/pubmed\/30364803\" target=\"_blank\" rel=\"noopener\">Longer colonic transit time is associated with laxative and drug use, lifestyle factors, and symptoms of constipation<\/a>. Acta Radiologica Open. 2018;7(10):1-9<\/td><\/tr><tr class=''><td class=''>4. *Tsimogiannis KE, Karlbom U, Lundin E, Graf W. <a href=\"https:\/\/www.ncbi.nlm.nih.gov\/pubmed\/30937526\" target=\"_blank\" rel=\"noopener\">Long-term outcome after segmental colonic resection for slow transit constipation<\/a>. Int J Colorectal Dis 2019, 34(6):1013-1019.<\/td><\/tr><tr class=''><td class=''>5. **Sadik R, Abrahamsson H, Stotzer PO. <a href=\"https:\/\/www.ncbi.nlm.nih.gov\/pubmed\/12608462\" target=\"_blank\" rel=\"noopener\">Gender differences in gut transit shown with a newly developed radiological procedure<\/a>. Scand J Gastroenterol 2003;38:36-42.<\/td><\/tr><tr class=''><td class=''>6. **Sadik R, Abrahamsson H, Bj\u00f6rnsson E, Gunnarsdottir A, Stotzer PO. <a href=\"https:\/\/www.ncbi.nlm.nih.gov\/pubmed\/14621277\" target=\"_blank\" rel=\"noopener\">Etiology of portal hypertension may influence gastrointestinal transit<\/a>. Scand J Gastroenterol. 2003 Oct;38(10):1039-44.<\/td><\/tr><tr class=''><td class=''>7. **Sadik R, Abrahamsson H, Kilander A, Stotzer PO. <a href=\"https:\/\/www.ncbi.nlm.nih.gov\/pubmed\/15571592\" target=\"_blank\" rel=\"noopener\">Gut transit in celiac disease: delay of small bowel transit and acceleration after dietary treatment<\/a>. Am J Gastroenterol. 2004 Dec;99(12):2429-36.<\/td><\/tr><tr class=''><td class=''>8. **Sadik R, Abrahamsson H, Ung KA, et al. <a href=\"https:\/\/www.ncbi.nlm.nih.gov\/pubmed\/15089906\" target=\"_blank\" rel=\"noopener\">Accelerated regional bowel transit and overweight shown in idiopathic bile acid malabsorption<\/a>. Am J Gastroenterol 2004;99:711-718.<\/td><\/tr><tr class=''><td class=''>9. **Sadik R, Stotzer PO, Simr\u00e9n M, Abrahamsson H. <a href=\"https:\/\/www.ncbi.nlm.nih.gov\/pubmed\/17999649\" target=\"_blank\" rel=\"noopener\">Gastrointestinal transit abnormalites are frequently detected in patients with unexplained GI symptoms at a tertiary centre<\/a>. Neurogastroenterol Motil. 2008;20:197-205.<\/td><\/tr><tr class=''><td class=''>10. **Abrahamsson H, \u00d6stlund-Lindqvist AM, Nilsson R, Simr\u00e9n M, Gillberg PG. <a href=\"https:\/\/www.ncbi.nlm.nih.gov\/pubmed\/18788050\" target=\"_blank\" rel=\"noopener\">Altered bile acid metabolism patients with constipation-predominant irritable bowel syndrome and functional constipation<\/a>. Scand J Gastroenterol. 2008;43(12):1483-8.<\/td><\/tr><tr class=''><td class=''>11. **Sadik R, Bj\u00f6rnsson E, Simr\u00e9n M. <a href=\"https:\/\/www.ncbi.nlm.nih.gov\/pubmed\/19701093\" target=\"_blank\" rel=\"noopener\">The relationship between symptoms, body mass index, gastrointestinal transit and stool frequency in patients with irritable bowel syndrome<\/a>. Eur J Gastroenterol Hepatol. 2010 Jan;22(1):102-8. <\/td><\/tr><tr class=''><td class=''>12. **Simren M, Bajor A, Gillberg PG, Rudling M, Abrahamsson H. <a href=\"https:\/\/www.ncbi.nlm.nih.gov\/pubmed\/21545606\" target=\"_blank\" rel=\"noopener\">Randomised clinical trial: The ileal bile acid transporter inhibitor A3309 vs. placebo in patients with chronic idiopathic constipation&#8211;a double-blind study<\/a>. Aliment Pharmacol Ther. 2011;34(1):41-50.<\/td><\/tr><tr class=''><td class=''>13. **Strid H, Simr\u00e9n M, St\u00f6rsrud S, Stotzer PO, Sadik R. <a href=\"https:\/\/www.ncbi.nlm.nih.gov\/pubmed\/21366388\" target=\"_blank\" rel=\"noopener\">Effect of heavy exercise on gastrointestinal transit in endurance athletes<\/a>. Scand J Gastroenterol. 2011 Jun;46(6):673-7. <\/td><\/tr><tr class=''><td class=''>14. **T\u00f6rnblom H, Van Oudenhove L, Sadik R, Abrahamsson H, Tack J, Simr\u00e9n M. <a href=\"https:\/\/www.ncbi.nlm.nih.gov\/pubmed\/22334251\" target=\"blank\" rel=\"noopener\">Colonic transit time and IBS symptoms: what&#8217;s the link?<\/a> Am J Gastroenterol. 2012 May;107(5):754-60. <\/td><\/tr><tr class=''><td class=''>15. **Lindfors P, T\u00f6rnblom H, Sadik R, Bj\u00f6rnsson ES, Abrahamsson H, Simr\u00e9n M. <a href=\"https:\/\/www.ncbi.nlm.nih.gov\/pubmed\/23094932\" target=\"_blank\" rel=\"noopener\">Effects on gastrointestinal transit and antroduodenojejunal manometry after gut-directed hypnotherapy in irritable bowel syndrome<\/a>. IBS Scand J Gastroenterol. 2012 Dec;47(12):1480-7. <\/td><\/tr><tr class=''><td class=''>16. **Stotzer, P.O., Abrahamsson, H., Bajor, A., et al. <a href=\"https:\/\/medifactia.com\/wp-content\/uploads\/2019\/10\/Stotzer-P.O.-Abrahamsson-H.-Bajor-A.-et-al-2013.pdf\" target=\"_blank\" rel=\"noopener\">Effect of Cholestyramine on Gastrointestinal Transit in Patients with Idiopathic Bile Acid Diarrhea: A Prospective, Open-Label Study<\/a>. Ashdin Publishing: Neuroenterology Vol. 2, 2013.<\/td><\/tr><tr class=''><td class=''>17. **Tucker R, Ryan S, Hayee Hussain B, Bjarnason et al. <a href=\"https:\/\/medifactia.com\/wp-content\/uploads\/2020\/07\/Tucker-et-al-2020.pdf\" target=\"_blank\" rel=\"noopener\">Distinctive Pathophysiology Underlying Constipation in Parkinson\u2019s Disease: Implications for Cognitive Inefficiency<\/a>. J. Clin. Med. 2020, 9(6), 1916: 1-14<\/td><\/tr><\/tbody><\/table><\/div><style type='text\/css'><\/style><br \/>\n<section class=\"av_textblock_section \"  itemscope=\"itemscope\" itemtype=\"https:\/\/schema.org\/CreativeWork\" ><div class='avia_textblock  '  style='font-size:13px; '  itemprop=\"text\" ><p><em>* Studies with the original version, last marker dose 24 hrs before X-ray.<\/em><br \/>\n<em> ** Studies with the present version, last marker dose 12 hrs before X-ray<\/em><\/p>\n<\/div><\/section><\/p><\/div>\n<div class=\"flex_column av_one_full  flex_column_div av-zero-column-padding first  avia-builder-el-5  el_after_av_one_full  avia-builder-el-last  column-top-margin\" style='border-radius:0px; '><p><div  style='padding-bottom:10px; ' class='av-special-heading av-special-heading-h3  blockquote modern-quote  avia-builder-el-6  el_before_av_textblock  avia-builder-el-first  '><h3 class='av-special-heading-tag '  itemprop=\"headline\"  >Below you will find examples of significant studies, children and adolescents<\/h3><div class='special-heading-border'><div class='special-heading-inner-border' ><\/div><\/div><\/div><br \/>\n<section class=\"av_textblock_section \"  itemscope=\"itemscope\" itemtype=\"https:\/\/schema.org\/CreativeWork\" ><div class='avia_textblock  '   itemprop=\"text\" ><p>In comparison with other methods Wagener et al (2004) and Vande Velde et al (2013) concluded that Abrahamsson Method is the preferred method for colonic transit study among children and adolescents.<\/p>\n<\/div><\/section><br \/>\n<div class='avia-data-table-wrap avia_responsive_table'><table class='avia-table avia-data-table avia-table-2  avia-builder-el-8  el_after_av_textblock  el_before_av_hr  avia_pricing_default '  itemscope=\"itemscope\" itemtype=\"https:\/\/schema.org\/Table\" ><tbody><tr class=''><td class=''>1. Wagener K.R, Shankar R.R, Turnock G.L. <a href=\"https:\/\/www.ncbi.nlm.nih.gov\/pubmed\/14966733\" target=\"_blank\" rel=\"noopener\">Colonic Transit Time \u2013 What Is Normal?<\/a> Journal of Pediatric Surgery. 2004:Vol 39, No 2, pp166-169.<\/td><\/tr><tr class=''><td class=''>2. Velde V, Notebaert V, Meersschaut N. <a href=\"https:\/\/www.ncbi.nlm.nih.gov\/pubmed\/23887805\" target=\"_blank\" rel=\"noopener\">Colon transit time in healthy children and adolescent.<\/a>\u00a0Int J Colorectal Dis. 2014:28:1721-1724.<\/td><\/tr><tr class=''><td class=''>3. Rintala R.J, Marttinen K, Virkola M, Rasanen C, Baillie C, Lindahl H. <a href=\"https:\/\/www.ncbi.nlm.nih.gov\/pubmed\/9094016\" target=\"_blank\" rel=\"noopener\">Segmental Colonic Motility in Patients With Anorectal Malformations.<\/a> Journal of\u00a0Pediatric Surgery. 1997: Vol 32, No 3, pp 453-456. <\/td><\/tr><tr class=''><td class=''>4. Baillie C.T, Kenny S.E, Rintala J.M, Lloyd D.A. <a href=\"https:\/\/www.ncbi.nlm.nih.gov\/pubmed\/10052815\" target=\"_blank\" rel=\"noopener\">Long-Term Outcome and Colonic Motility After the Duhamel Procedure for Hirschsprung\u2019s Disease.<\/a> Journal of Pediatric Surgery. 1999:Vol 34, No2, pp325-329.<\/td><\/tr><\/tbody><\/table><\/div><style type='text\/css'><\/style><br \/>\n<div   class='hr hr-default   avia-builder-el-9  el_after_av_table  el_before_av_button '><span class='hr-inner ' ><span class='hr-inner-style'><\/span><\/span><\/div><br \/>\n<div  class='avia-button-wrap avia-button-left  avia-builder-el-10  el_after_av_hr  avia-builder-el-last ' ><a href='https:\/\/new.medifactia.com\/us\/origin\/'  class='avia-button   avia-icon_select-yes-left-icon avia-color-theme-color avia-size-large avia-position-left '   ><span class='avia_button_icon avia_button_icon_left ' aria-hidden='true' data-av_icon='\ue87c' data-av_iconfont='entypo-fontello'><\/span><span class='avia_iconbox_title' > Origin<\/span><\/a><\/div><\/p><\/div>\n","protected":false},"excerpt":{"rendered":"","protected":false},"author":1,"featured_media":0,"parent":0,"menu_order":0,"comment_status":"closed","ping_status":"closed","template":"","meta":[],"_links":{"self":[{"href":"https:\/\/new.medifactia.com\/us\/wp-json\/wp\/v2\/pages\/135"}],"collection":[{"href":"https:\/\/new.medifactia.com\/us\/wp-json\/wp\/v2\/pages"}],"about":[{"href":"https:\/\/new.medifactia.com\/us\/wp-json\/wp\/v2\/types\/page"}],"author":[{"embeddable":true,"href":"https:\/\/new.medifactia.com\/us\/wp-json\/wp\/v2\/users\/1"}],"replies":[{"embeddable":true,"href":"https:\/\/new.medifactia.com\/us\/wp-json\/wp\/v2\/comments?post=135"}],"version-history":[{"count":0,"href":"https:\/\/new.medifactia.com\/us\/wp-json\/wp\/v2\/pages\/135\/revisions"}],"wp:attachment":[{"href":"https:\/\/new.medifactia.com\/us\/wp-json\/wp\/v2\/media?parent=135"}],"curies":[{"name":"wp","href":"https:\/\/api.w.org\/{rel}","templated":true}]}}